{"id":1123,"date":"2019-01-12T14:26:44","date_gmt":"2019-01-12T14:26:44","guid":{"rendered":"http:\/\/otteveny2.plebania.hu\/?page_id=1123"},"modified":"2019-01-12T14:26:44","modified_gmt":"2019-01-12T14:26:44","slug":"karitasz","status":"publish","type":"page","link":"https:\/\/otteveny.plebania.hu\/index.php\/karitasz\/","title":{"rendered":"Karit\u00e1sz"},"content":{"rendered":"\n<p><em>&#8220;A szeretetet arr\u00f3l ismerj\u00fck fel, hogy \u0150 \u00e9let\u00e9t adta \u00e9rt\u00fcnk. Nek\u00fcnk is k\u00f6teless\u00e9g\u00fcnk \u00e9let\u00fcnket adni testv\u00e9reink\u00e9rt. Gyermekeim, ne szeress\u00fcnk se sz\u00f3val, se nyelvvel, hanem tettel \u00e9s igazs\u00e1ggal.&#8221; (1Jn 16-18)<\/em><\/p>\n\n\n\n<p>Kedves Olvas\u00f3ink!<\/p>\n\n\n\n<div class=\"wp-block-image\"><figure class=\"alignright is-resized\"><img loading=\"lazy\" src=\"http:\/\/otteveny2.plebania.hu\/wp-content\/uploads\/2019\/01\/Karitasz_logo.jpg\" alt=\"\" class=\"wp-image-1124\" width=\"404\" height=\"141\"\/><\/figure><\/div>\n\n\n\n<p>\u00d6n\u00f6k ezen oldalakon az \u00f6ttev\u00e9nyi pl\u00e9b\u00e1ni\u00e1hoz tartoz\u00f3 egyh\u00e1zk\u00f6zs\u00e9gek k\u00f6z\u00f6s karit\u00e1sz csoportj\u00e1nak bemutatkoz\u00e1s\u00e1t, a szervezet fel\u00e9p\u00edt\u00e9s\u00e9t, munkat\u00e1rsait azok el\u00e9rhet\u0151s\u00e9geit ismerhetik meg. Szeretettel v\u00e1runk minden seg\u00edt\u0151 sz\u00e1nd\u00e9k\u00fa embert, hogy terveink, sz\u00e1nd\u00e9kaink megval\u00f3sulhassanak.<\/p>\n\n\n\n<p>\u00d6ttev\u00e9ny, 2015. m\u00e1jusa<\/p>\n\n\n\n<p>Kir\u00e1ly P\u00e9ter, karit\u00e1sz csoport vezet\u0151je<\/p>\n","protected":false},"excerpt":{"rendered":"<p>&#8220;A szeretetet arr\u00f3l ismerj\u00fck fel, hogy \u0150 \u00e9let\u00e9t adta \u00e9rt\u00fcnk. Nek\u00fcnk is k\u00f6teless\u00e9g\u00fcnk \u00e9let\u00fcnket adni testv\u00e9reink\u00e9rt. Gyermekeim, ne szeress\u00fcnk se sz\u00f3val, se nyelvvel, hanem tettel \u00e9s igazs\u00e1ggal.&#8221; (1Jn 16-18)<\/p>\n<p>Kedves Olvas\u00f3ink!<\/p>\n<p>\u00d6n\u00f6k ezen oldalakon az \u00f6ttev\u00e9nyi pl\u00e9b\u00e1ni\u00e1hoz tartoz\u00f3 egyh\u00e1zk\u00f6zs\u00e9gek k\u00f6z\u00f6s karit\u00e1sz csoportj\u00e1nak bemutatkoz\u00e1s\u00e1t, a szervezet fel\u00e9p\u00edt\u00e9s\u00e9t, munkat\u00e1rsait azok el\u00e9rhet\u0151s\u00e9geit ismerhetik meg. Szeretettel v\u00e1runk minden seg\u00edt\u0151 &hellip; <\/p>\n<p><a class=\"more-link btn\" href=\"https:\/\/otteveny.plebania.hu\/index.php\/karitasz\/\">Olvass tov\u00e1bb<\/a><\/p>\n","protected":false},"author":1,"featured_media":0,"parent":0,"menu_order":0,"comment_status":"closed","ping_status":"closed","template":"","meta":[],"_links":{"self":[{"href":"https:\/\/otteveny.plebania.hu\/index.php\/wp-json\/wp\/v2\/pages\/1123"}],"collection":[{"href":"https:\/\/otteveny.plebania.hu\/index.php\/wp-json\/wp\/v2\/pages"}],"about":[{"href":"https:\/\/otteveny.plebania.hu\/index.php\/wp-json\/wp\/v2\/types\/page"}],"author":[{"embeddable":true,"href":"https:\/\/otteveny.plebania.hu\/index.php\/wp-json\/wp\/v2\/users\/1"}],"replies":[{"embeddable":true,"href":"https:\/\/otteveny.plebania.hu\/index.php\/wp-json\/wp\/v2\/comments?post=1123"}],"version-history":[{"count":1,"href":"https:\/\/otteveny.plebania.hu\/index.php\/wp-json\/wp\/v2\/pages\/1123\/revisions"}],"predecessor-version":[{"id":1125,"href":"https:\/\/otteveny.plebania.hu\/index.php\/wp-json\/wp\/v2\/pages\/1123\/revisions\/1125"}],"wp:attachment":[{"href":"https:\/\/otteveny.plebania.hu\/index.php\/wp-json\/wp\/v2\/media?parent=1123"}],"curies":[{"name":"wp","href":"https:\/\/api.w.org\/{rel}","templated":true}]}}