{"id":1128,"date":"2019-01-12T14:31:13","date_gmt":"2019-01-12T14:31:13","guid":{"rendered":"http:\/\/otteveny2.plebania.hu\/?page_id=1128"},"modified":"2023-01-08T14:26:13","modified_gmt":"2023-01-08T14:26:13","slug":"tevekenysegunkrol","status":"publish","type":"page","link":"https:\/\/otteveny.plebania.hu\/index.php\/karitasz\/tevekenysegunkrol\/","title":{"rendered":"Tev\u00e9kenys\u00e9g\u00fcnkr\u0151l"},"content":{"rendered":"\n<p>H\u00e1rom egyh\u00e1zk\u00f6zs\u00e9g, Kunsziget, Mosonszentmikl\u00f3s, \u00e9s \u00d6ttev\u00e9ny 2015 m\u00e1jus\u00e1ban k\u00f6z\u00f6s katolikus karit\u00e1sz csoportot hozott l\u00e9tre. Mindannyian \u00fagy gondoltuk, hogy az egyh\u00e1zmegyei karit\u00e1szhoz csatlakozva, de \u00f6n\u00e1ll\u00f3an m\u0171k\u00f6dve mi is szeretn\u00e9nk a karitat\u00edv munk\u00e1b\u00f3l r\u00e9sz\u00fcnket kivenni.  M\u00e1ra sajnos Mosonszentmikl\u00f3s kiker\u00fclt e h\u00e1rom telep\u00fcl\u00e9sb\u0151l, de hely\u00e9re l\u00e9phetnek Abda, B\u00f6rcs \u00e9s Ikr\u00e9ny egyh\u00e1zk\u00f6zs\u00e9gei. Azon szeretn\u00e9nk f\u00e1radozni, hogy ezen seg\u00edteni akar\u00e1s els\u0151sorban a telep\u00fcl\u00e9seinken \u00e9l\u0151 id\u0151s emberekhez, a gyermekeiket egyed\u00fcl nevel\u0151 kis- \u00e9s nagycsal\u00e1dosokhoz, munkan\u00e9lk\u00fcliekhez, testi \u00e9s lelki fogyat\u00e9kosokhoz eljusson. Kapcsolatot, egy\u00fcttm\u0171k\u00f6d\u00e9st szeretn\u00e9nk k\u00f6tni \u00e9s \u00e1polni a telep\u00fcl\u00e9sek \u00f6nkorm\u00e1nyzataival, int\u00e9zm\u00e9nyeivel, civil szervezeteivel \u00e9s az eg\u00e9sz lakoss\u00e1ggal. \u00cdgy k\u00f6z\u00f6sen egym\u00e1st t\u00e1j\u00e9koztatva oda fog eljutni a seg\u00edts\u00e9g ahova t\u00e9nylegesen sz\u00fcks\u00e9ges. Szoros, mindennapi, egym\u00e1st seg\u00edt\u0151 kapcsolatot k\u00edv\u00e1nunk fenntartani az egyh\u00e1zmegyei karit\u00e1sszal is. Bekapcsol\u00f3dn\u00e1nk az orsz\u00e1gos karitat\u00edv megmozdul\u00e1sokba is. Term\u00e9szetesen nem minden esetben csak az anyagi seg\u00edts\u00e9g biztos\u00edt\u00e1sa a fontos, hanem az emberi odafigyel\u00e9s, a lelki seg\u00edts\u00e9gny\u00fajt\u00e1s is, melyben nagy seg\u00edts\u00e9g\u00fcnkre van az \u00f6t telep\u00fcl\u00e9s pl\u00e9b\u00e1nosa, Varga Bal\u00e1zs atya. <\/p>\n\n\n\n<p>Ahhoz, hogy eredm\u00e9nyesen seg\u00edthess\u00fcnk, els\u0151k\u00e9nt az Isteni szeretet elfogad\u00e1sa \u00e9s annak emberi tov\u00e1bbad\u00e1sa a legfontosabb. Im\u00e1ds\u00e1gainkban k\u00e9rj\u00fck Istent, hogy j\u00f3 d\u00f6nt\u00e9seket hozzunk a r\u00e1szorul\u00f3kkal kapcsolatban. Lehet, hogy egyszer\u0171bbnek t\u0171nik egy kis apr\u00f3p\u00e9nzt adni valakinek, de ha mer\u00fcnk nyitottak maradni \u00e9s megkeresni saj\u00e1t feladatunkat a r\u00e1szorul\u00f3k seg\u00edt\u00e9s\u00e9ben, akkor nagyon sz\u00e9p szolg\u00e1latot teljes\u00edthet\u00fcnk. Ez nem kis f\u00e1rads\u00e1got jelent, de sokkal t\u00f6bbet vihet\u00fcnk el Isten szeretet\u00e9b\u0151l embert\u00e1rsaink sz\u00e1m\u00e1ra, mint a meggondol\u00e1s n\u00e9lk\u00fcl, menek\u00fcl\u00e9sk\u00e9ppen adott alamizsna. <\/p>\n\n\n\n<p><strong>Ha olvas\u00f3ink is egyet\u00e9rtenek a fenti gondolatainkkal, tev\u00e9kenys\u00e9g\u00fcnk fontoss\u00e1g\u00e1val akkor szeretettel v\u00e1rjuk a seg\u00edteni \u00e9s tenni akar\u00f3 emberek jelentkez\u00e9s\u00e9t. <\/strong><\/p>\n\n\n\n<p>Tisztelettel \u00e9s szeretettel: Kir\u00e1ly P\u00e9ter karit\u00e1sz vezet\u0151<\/p>\n","protected":false},"excerpt":{"rendered":"<p>H\u00e1rom egyh\u00e1zk\u00f6zs\u00e9g, Kunsziget, Mosonszentmikl\u00f3s, \u00e9s \u00d6ttev\u00e9ny 2015 m\u00e1jus\u00e1ban k\u00f6z\u00f6s katolikus karit\u00e1sz csoportot hozott l\u00e9tre. Mindannyian \u00fagy gondoltuk, hogy az egyh\u00e1zmegyei karit\u00e1szhoz csatlakozva, de \u00f6n\u00e1ll\u00f3an m\u0171k\u00f6dve mi is szeretn\u00e9nk a karitat\u00edv munk\u00e1b\u00f3l r\u00e9sz\u00fcnket kivenni. M\u00e1ra sajnos Mosonszentmikl\u00f3s kiker\u00fclt e h\u00e1rom telep\u00fcl\u00e9sb\u0151l, de hely\u00e9re l\u00e9phetnek Abda, B\u00f6rcs \u00e9s Ikr\u00e9ny egyh\u00e1zk\u00f6zs\u00e9gei. Azon szeretn\u00e9nk f\u00e1radozni, hogy ezen seg\u00edteni akar\u00e1s &hellip; <\/p>\n<p><a class=\"more-link btn\" href=\"https:\/\/otteveny.plebania.hu\/index.php\/karitasz\/tevekenysegunkrol\/\">Olvass tov\u00e1bb<\/a><\/p>\n","protected":false},"author":1,"featured_media":0,"parent":1123,"menu_order":1,"comment_status":"closed","ping_status":"closed","template":"","meta":[],"_links":{"self":[{"href":"https:\/\/otteveny.plebania.hu\/index.php\/wp-json\/wp\/v2\/pages\/1128"}],"collection":[{"href":"https:\/\/otteveny.plebania.hu\/index.php\/wp-json\/wp\/v2\/pages"}],"about":[{"href":"https:\/\/otteveny.plebania.hu\/index.php\/wp-json\/wp\/v2\/types\/page"}],"author":[{"embeddable":true,"href":"https:\/\/otteveny.plebania.hu\/index.php\/wp-json\/wp\/v2\/users\/1"}],"replies":[{"embeddable":true,"href":"https:\/\/otteveny.plebania.hu\/index.php\/wp-json\/wp\/v2\/comments?post=1128"}],"version-history":[{"count":2,"href":"https:\/\/otteveny.plebania.hu\/index.php\/wp-json\/wp\/v2\/pages\/1128\/revisions"}],"predecessor-version":[{"id":5495,"href":"https:\/\/otteveny.plebania.hu\/index.php\/wp-json\/wp\/v2\/pages\/1128\/revisions\/5495"}],"up":[{"embeddable":true,"href":"https:\/\/otteveny.plebania.hu\/index.php\/wp-json\/wp\/v2\/pages\/1123"}],"wp:attachment":[{"href":"https:\/\/otteveny.plebania.hu\/index.php\/wp-json\/wp\/v2\/media?parent=1128"}],"curies":[{"name":"wp","href":"https:\/\/api.w.org\/{rel}","templated":true}]}}