{"id":1133,"date":"2019-01-12T14:38:11","date_gmt":"2019-01-12T14:38:11","guid":{"rendered":"http:\/\/otteveny2.plebania.hu\/?page_id=1133"},"modified":"2022-01-06T07:47:15","modified_gmt":"2022-01-06T07:47:15","slug":"beszamolo-2016","status":"publish","type":"page","link":"https:\/\/otteveny.plebania.hu\/index.php\/karitasz\/beszamolo-2016\/","title":{"rendered":"Besz\u00e1mol\u00f3 a 2016. \u00e9vr\u0151l"},"content":{"rendered":"\n<ul><li>2016 janu\u00e1rj\u00e1ban az Egyh\u00e1zmegyei Karit\u00e1sznak adtunk \u00e1t 32 kg tart\u00f3s \u00e9lelmiszert.<\/li><li> 2016 janu\u00e1rj\u00e1ban takar\u00f3kat, paplanokat p\u00e1rn\u00e1t \u00e9s t\u00f6r\u00fclk\u00f6z\u0151ket adtunk \u00e1t az Egyh\u00e1zmegyei Karit\u00e1sznak<\/li><li>2016. febru\u00e1r h\u00f3napban \u00faj ruhanem\u0171kb\u0151l \u00e1ll\u00f3 aj\u00e1nd\u00e9kcsomagot adtunk \u00e1t 8 \u00f6ttev\u00e9nyi t\u00f6bbgyermekes csal\u00e1dnak.<\/li><li>2016 m\u00e1jus\u00e1ban 180 kg tart\u00f3s \u00e9lelmiszert gy\u0171jt\u00f6tt\u00fcnk lakoss\u00e1gi adakoz\u00e1sb\u00f3l, melyet ugyancsak a megy\u00e9hez tov\u00e1bb\u00edtottunk.<\/li><li>2016 augusztus\u00e1ban 3 \u00f6ttev\u00e9nyi csal\u00e1dot seg\u00edtett\u00fcnk iskolakezd\u00e9si t\u00e1mogat\u00e1ssal 10-10 eFt-os Erzs\u00e9bet utalv\u00e1nyok \u00e1tad\u00e1s\u00e1val. ( Egyh\u00e1zmegyei Karit\u00e1sz seg\u00edts\u00e9g\u00e9vel).<\/li><li>T\u00e1mogat\u00e1st kaptunk (Egyh\u00e1zmegyei Karit\u00e1sz) a ny\u00e1ri hittant\u00e1borban r\u00e9sztvev\u0151 gyermekeknek.<\/li><li>300 kg \u00e9tkez\u00e9si burgony\u00e1t osztottunk sz\u00e9t 9 \u00f6ttev\u00e9nyi \u00e9s mosonszentmikl\u00f3si csal\u00e1dnak.<\/li><li>2016. okt\u00f3ber 2-\u00e1n 140 kg alm\u00e1t osztottunk sz\u00e9t 8 \u00f6ttev\u00e9nyi \u00e9s mosonszentmikl\u00f3si csal\u00e1dnak.<\/li><li>2016. november 17-\u00e9n 140 kg alm\u00e1t osztottunk sz\u00e9t 8 \u00f6ttev\u00e9nyi \u00e9s mosonszentmikl\u00f3si csal\u00e1dnak.<\/li><li>2016 december\u00e9ben 4 \u00f6ttev\u00e9nyi csal\u00e1d kapott kar\u00e1csonyi \u00e9dess\u00e9gcsomagot 2000-2000 Ft \u00e9rt\u00e9kben.<\/li><li>Az Egyh\u00e1zmegyei Karit\u00e1sszal val\u00f3 j\u00f3 egy\u00fcttm\u0171k\u00f6d\u00e9s keretein bel\u00fcl t\u00f6bb alkalommal seg\u00edtett\u00fcnk a seg\u00e9lysz\u00e1ll\u00edtm\u00e1nyok kamionokr\u00f3l val\u00f3 kipakol\u00e1s\u00e1ban, illetve a karit\u00e1szos ki\u00e1ll\u00edt\u00e1s lebonyol\u00edt\u00e1s\u00e1ban.<\/li><\/ul>\n","protected":false},"excerpt":{"rendered":"<li>2016 janu\u00e1rj\u00e1ban az Egyh\u00e1zmegyei Karit\u00e1sznak adtunk \u00e1t 32 kg tart\u00f3s \u00e9lelmiszert.<\/li>\n<li> 2016 janu\u00e1rj\u00e1ban takar\u00f3kat, paplanokat p\u00e1rn\u00e1t \u00e9s t\u00f6r\u00fclk\u00f6z\u0151ket adtunk \u00e1t az Egyh\u00e1zmegyei Karit\u00e1sznak<\/li>\n<li>2016. febru\u00e1r h\u00f3napban \u00faj ruhanem\u0171kb\u0151l \u00e1ll\u00f3 aj\u00e1nd\u00e9kcsomagot adtunk \u00e1t 8 \u00f6ttev\u00e9nyi t\u00f6bbgyermekes csal\u00e1dnak.<\/li>\n<li>2016 m\u00e1jus\u00e1ban 180 kg tart\u00f3s \u00e9lelmiszert gy\u0171jt\u00f6tt\u00fcnk lakoss\u00e1gi adakoz\u00e1sb\u00f3l, melyet ugyancsak a megy\u00e9hez tov\u00e1bb\u00edtottunk.<\/li>\n<li>2016 augusztus\u00e1ban 3 \u00f6ttev\u00e9nyi csal\u00e1dot seg\u00edtett\u00fcnk iskolakezd\u00e9si t\u00e1mogat\u00e1ssal &hellip;\n<p><a class=\"more-link btn\" href=\"https:\/\/otteveny.plebania.hu\/index.php\/karitasz\/beszamolo-2016\/\">Olvass tov\u00e1bb<\/a><\/p>\n<\/li>\n","protected":false},"author":1,"featured_media":0,"parent":1123,"menu_order":3,"comment_status":"closed","ping_status":"closed","template":"","meta":[],"_links":{"self":[{"href":"https:\/\/otteveny.plebania.hu\/index.php\/wp-json\/wp\/v2\/pages\/1133"}],"collection":[{"href":"https:\/\/otteveny.plebania.hu\/index.php\/wp-json\/wp\/v2\/pages"}],"about":[{"href":"https:\/\/otteveny.plebania.hu\/index.php\/wp-json\/wp\/v2\/types\/page"}],"author":[{"embeddable":true,"href":"https:\/\/otteveny.plebania.hu\/index.php\/wp-json\/wp\/v2\/users\/1"}],"replies":[{"embeddable":true,"href":"https:\/\/otteveny.plebania.hu\/index.php\/wp-json\/wp\/v2\/comments?post=1133"}],"version-history":[{"count":2,"href":"https:\/\/otteveny.plebania.hu\/index.php\/wp-json\/wp\/v2\/pages\/1133\/revisions"}],"predecessor-version":[{"id":4349,"href":"https:\/\/otteveny.plebania.hu\/index.php\/wp-json\/wp\/v2\/pages\/1133\/revisions\/4349"}],"up":[{"embeddable":true,"href":"https:\/\/otteveny.plebania.hu\/index.php\/wp-json\/wp\/v2\/pages\/1123"}],"wp:attachment":[{"href":"https:\/\/otteveny.plebania.hu\/index.php\/wp-json\/wp\/v2\/media?parent=1133"}],"curies":[{"name":"wp","href":"https:\/\/api.w.org\/{rel}","templated":true}]}}