{"id":1137,"date":"2019-01-12T14:42:05","date_gmt":"2019-01-12T14:42:05","guid":{"rendered":"http:\/\/otteveny2.plebania.hu\/?page_id=1137"},"modified":"2024-01-02T19:51:34","modified_gmt":"2024-01-02T19:51:34","slug":"karitasz-csoport-tagjainak-elerhetosegei","status":"publish","type":"page","link":"https:\/\/otteveny.plebania.hu\/index.php\/karitasz\/karitasz-csoport-tagjainak-elerhetosegei\/","title":{"rendered":"Karit\u00e1sz csoport  tagjainak el\u00e9rhet\u0151s\u00e9gei"},"content":{"rendered":"\n<p><strong>Pl\u00e9b\u00e1nos: Varga Bal\u00e1zs<\/strong><\/p>\n\n\n\n<p>El\u00e9rhet\u0151s\u00e9ge: 9153 \u00d6ttev\u00e9ny F\u0151 utca 120.<br>Telefon: 96\/ 485-062<br>Mobil: 30\/546-9411<br>E-mail: revbvarga@gmail.com<\/p>\n\n\n\n<p><strong>\u00d6ttev\u00e9ny Karit\u00e1sz csoport vezet\u0151: Kir\u00e1ly P\u00e9ter <\/strong><\/p>\n\n\n\n<p>El\u00e9rhet\u0151s\u00e9ge: 9153 \u00d6ttev\u00e9ny F\u0151 u 155\/a.<br>Telefon: 96\/485-180<br>Mobil: 06\/70-314-6323<br>E-mail: kiraly-peter@t-online.hu<\/p>\n\n\n\n<p><strong>Kunsziget karit\u00e1sz felel\u0151s: B\u00e9lav\u00e1rin\u00e9 Vir\u00e1g Margit<\/strong><\/p>\n\n\n\n<p><strong>Abda karit\u00e1sz felel\u0151s: Kozma S\u00e1ndorn\u00e9<\/strong><\/p>\n\n\n\n<p><strong>B\u00f6rcs karit\u00e1sz felel\u0151s: Sink\u00f3n\u00e9 Meszl\u00e9nyi Ildik\u00f3<\/strong><\/p>\n\n\n\n<p><strong>Ikr\u00e9ny karit\u00e1sz felel\u0151s: Kov\u00e1cs Alajosn\u00e9<\/strong><\/p>\n","protected":false},"excerpt":{"rendered":"<p><strong>Pl\u00e9b\u00e1nos: Varga Bal\u00e1zs<\/strong><\/p>\n<p>El\u00e9rhet\u0151s\u00e9ge: 9153 \u00d6ttev\u00e9ny F\u0151 utca 120.<br \/>Telefon: 96\/ 485-062<br \/>Mobil: 30\/546-9411<br \/>E-mail: revbvarga@gmail.com<\/p>\n<p><strong>\u00d6ttev\u00e9ny Karit\u00e1sz csoport vezet\u0151: Kir\u00e1ly P\u00e9ter <\/strong><\/p>\n<p>El\u00e9rhet\u0151s\u00e9ge: 9153 \u00d6ttev\u00e9ny F\u0151 u 155\/a.<br \/>Telefon: 96\/485-180<br \/>Mobil: 06\/70-314-6323<br \/>E-mail: kiraly-peter@t-online.hu<\/p>\n<p><strong>Kunsziget karit\u00e1sz felel\u0151s: B\u00e9lav\u00e1rin\u00e9 Vir\u00e1g Margit<\/strong><\/p>\n<p><strong>Abda karit\u00e1sz felel\u0151s: Kozma S\u00e1ndorn\u00e9<\/strong><\/p>\n<p><strong>B\u00f6rcs karit\u00e1sz felel\u0151s: Sink\u00f3n\u00e9 Meszl\u00e9nyi Ildik\u00f3<\/strong><\/p>\n<p><strong>Ikr\u00e9ny karit\u00e1sz felel\u0151s: Kov\u00e1cs Alajosn\u00e9<\/strong><\/p>\n","protected":false},"author":1,"featured_media":0,"parent":1123,"menu_order":20,"comment_status":"closed","ping_status":"closed","template":"","meta":[],"_links":{"self":[{"href":"https:\/\/otteveny.plebania.hu\/index.php\/wp-json\/wp\/v2\/pages\/1137"}],"collection":[{"href":"https:\/\/otteveny.plebania.hu\/index.php\/wp-json\/wp\/v2\/pages"}],"about":[{"href":"https:\/\/otteveny.plebania.hu\/index.php\/wp-json\/wp\/v2\/types\/page"}],"author":[{"embeddable":true,"href":"https:\/\/otteveny.plebania.hu\/index.php\/wp-json\/wp\/v2\/users\/1"}],"replies":[{"embeddable":true,"href":"https:\/\/otteveny.plebania.hu\/index.php\/wp-json\/wp\/v2\/comments?post=1137"}],"version-history":[{"count":5,"href":"https:\/\/otteveny.plebania.hu\/index.php\/wp-json\/wp\/v2\/pages\/1137\/revisions"}],"predecessor-version":[{"id":5887,"href":"https:\/\/otteveny.plebania.hu\/index.php\/wp-json\/wp\/v2\/pages\/1137\/revisions\/5887"}],"up":[{"embeddable":true,"href":"https:\/\/otteveny.plebania.hu\/index.php\/wp-json\/wp\/v2\/pages\/1123"}],"wp:attachment":[{"href":"https:\/\/otteveny.plebania.hu\/index.php\/wp-json\/wp\/v2\/media?parent=1137"}],"curies":[{"name":"wp","href":"https:\/\/api.w.org\/{rel}","templated":true}]}}