{"id":1263,"date":"2019-04-06T12:56:22","date_gmt":"2019-04-06T12:56:22","guid":{"rendered":"http:\/\/otteveny2.plebania.hu\/?page_id=1263"},"modified":"2022-01-06T07:45:44","modified_gmt":"2022-01-06T07:45:44","slug":"beszamolo-2018","status":"publish","type":"page","link":"https:\/\/otteveny.plebania.hu\/index.php\/karitasz\/beszamolo-2018\/","title":{"rendered":"Besz\u00e1mol\u00f3 a 2018. \u00e9vr\u0151l"},"content":{"rendered":"\n<ul><li>2018. janu\u00e1r 18-\u00e1n az Egyh\u00e1zmegyei Karit\u00e1szt\u00f3l 10 l\u00e1da alm\u00e1t kaptunk (140 kg), melyet 9 \u00f6ttev\u00e9nyi r\u00e1szorult csal\u00e1dnak osztottunk sz\u00e9t.<\/li><li>4 kr\u00edzishelyzetbe ker\u00fclt \u00f6ttev\u00e9nyi csal\u00e1dnak osztottunk ki 56 csomag 4-es m\u00e9ret\u0171 pelenk\u00e1t, melyet az Egyh\u00e1zmegyei Karit\u00e1szt\u00f3l kaptunk.<\/li><li>Az idei \u00e9vben el\u0151sz\u00f6r 2018. m\u00e1rcius 11-\u00e9n 5 telep\u00fcl\u00e9sr\u0151l (\u00d6ttev\u00e9ny, Abda, B\u00f6rcs, Ikr\u00e9ny, Kunsziget) t\u00f6bb mint 400 kg tart\u00f3s \u00e9lelmiszert gy\u0171jt\u00f6tt\u00fcnk \u00f6ssze.<\/li><li>Az \u00f6sszegy\u0171jt\u00f6tt \u00e9lelmiszereket: 11 csal\u00e1dnak \u00d6ttev\u00e9nyen, 11 csal\u00e1dnak Abd\u00e1n, 7 csal\u00e1dnak Ikr\u00e9nyben, 5 csal\u00e1dnak Kunszigeten, illetve 5 csal\u00e1dnak B\u00f6rcs telep\u00fcl\u00e9seken osztottunk sz\u00e9t, melyeket szem\u00e9lyesen, \u00f6nk\u00e9ntes seg\u00edt\u0151kkel h\u00fasv\u00e9t \u00fcnnepe el\u0151tt m\u00e1rcius 26-ig minden lak\u00e1shoz kisz\u00e1ll\u00edtottunk.<\/li><li>Az \u00e9v folyam\u00e1n 2 abdai lak\u00f3nak m\u00e1rcius 21-\u00e9n 40 eFt, augusztus 15-\u00e9n 5 eFt, augusztus 24-\u00e9n 20 eFt,okt\u00f3ber 18-\u00e1n 20 eFt, december 20-\u00e1n 20 eFt p\u00e9nzadom\u00e1nyt adtunk \u00e1t (\u00f6sszesen 105 ezer forint) mindennapi meg\u00e9lhet\u00e9s\u00fck seg\u00edt\u00e9s\u00e9nek \u00e9rdek\u00e9ben.<\/li><li>4 \u00f6ttev\u00e9nyi embernek seg\u00edtett\u00fcnk kedvezm\u00e9nyes mozg\u00e1skorl\u00e1tozott eszk\u00f6z\u00f6k hozz\u00e1jut\u00e1s\u00e1hoz.<\/li><li>Augusztus 24-\u00e9n 1 abdai lak\u00f3 kapott 5 eFt \u00e9rt\u00e9kben \u00e9lelmiszeradom\u00e1nyt.<\/li><li>2018. december 22-\u00e9n 6 \u00f6ttev\u00e9nyi csal\u00e1d kapott kar\u00e1csonyi aj\u00e1nd\u00e9kcsomagot 4000-4000 Ft \u00e9rt\u00e9kben.<\/li><\/ul>\n","protected":false},"excerpt":{"rendered":"<li>2018. janu\u00e1r 18-\u00e1n az Egyh\u00e1zmegyei Karit\u00e1szt\u00f3l 10 l\u00e1da alm\u00e1t kaptunk (140 kg), melyet 9 \u00f6ttev\u00e9nyi r\u00e1szorult csal\u00e1dnak osztottunk sz\u00e9t.<\/li>\n<li>4 kr\u00edzishelyzetbe ker\u00fclt \u00f6ttev\u00e9nyi csal\u00e1dnak osztottunk ki 56 csomag 4-es m\u00e9ret\u0171 pelenk\u00e1t, melyet az Egyh\u00e1zmegyei Karit\u00e1szt\u00f3l kaptunk.<\/li>\n<li>Az idei \u00e9vben el\u0151sz\u00f6r 2018. m\u00e1rcius 11-\u00e9n 5 telep\u00fcl\u00e9sr\u0151l (\u00d6ttev\u00e9ny, Abda, B\u00f6rcs, Ikr\u00e9ny, Kunsziget) t\u00f6bb mint 400 kg tart\u00f3s \u00e9lelmiszert gy\u0171jt\u00f6tt\u00fcnk &hellip;\n<p><a class=\"more-link btn\" href=\"https:\/\/otteveny.plebania.hu\/index.php\/karitasz\/beszamolo-2018\/\">Olvass tov\u00e1bb<\/a><\/p>\n<\/li>\n","protected":false},"author":1,"featured_media":0,"parent":1123,"menu_order":5,"comment_status":"closed","ping_status":"closed","template":"","meta":[],"_links":{"self":[{"href":"https:\/\/otteveny.plebania.hu\/index.php\/wp-json\/wp\/v2\/pages\/1263"}],"collection":[{"href":"https:\/\/otteveny.plebania.hu\/index.php\/wp-json\/wp\/v2\/pages"}],"about":[{"href":"https:\/\/otteveny.plebania.hu\/index.php\/wp-json\/wp\/v2\/types\/page"}],"author":[{"embeddable":true,"href":"https:\/\/otteveny.plebania.hu\/index.php\/wp-json\/wp\/v2\/users\/1"}],"replies":[{"embeddable":true,"href":"https:\/\/otteveny.plebania.hu\/index.php\/wp-json\/wp\/v2\/comments?post=1263"}],"version-history":[{"count":2,"href":"https:\/\/otteveny.plebania.hu\/index.php\/wp-json\/wp\/v2\/pages\/1263\/revisions"}],"predecessor-version":[{"id":4347,"href":"https:\/\/otteveny.plebania.hu\/index.php\/wp-json\/wp\/v2\/pages\/1263\/revisions\/4347"}],"up":[{"embeddable":true,"href":"https:\/\/otteveny.plebania.hu\/index.php\/wp-json\/wp\/v2\/pages\/1123"}],"wp:attachment":[{"href":"https:\/\/otteveny.plebania.hu\/index.php\/wp-json\/wp\/v2\/media?parent=1263"}],"curies":[{"name":"wp","href":"https:\/\/api.w.org\/{rel}","templated":true}]}}