{"id":1623,"date":"2019-06-21T06:11:01","date_gmt":"2019-06-21T06:11:01","guid":{"rendered":"http:\/\/otteveny2.plebania.hu\/?page_id=1623"},"modified":"2024-02-18T10:06:59","modified_gmt":"2024-02-18T10:06:59","slug":"egyhazi-hozzajarulas","status":"publish","type":"page","link":"https:\/\/otteveny.plebania.hu\/index.php\/hirdetesek\/egyhazi-hozzajarulas\/","title":{"rendered":"Egyh\u00e1zi hozz\u00e1j\u00e1rul\u00e1s"},"content":{"rendered":"\n<p><strong>K\u00e9rj\u00fck a kedves katolikus Testv\u00e9reket, hogy t\u00e1mogass\u00e1k Pl\u00e9b\u00e1ni\u00e1inkat a 2024. \u00c9VI EGYH\u00c1ZI HOZZ\u00c1J\u00c1RUL\u00c1S befizet\u00e9s\u00e9vel!<\/strong><\/p>\n\n\n\n<p>A pl\u00e9b\u00e1nia, a templom fenntart\u00e1s\u00e1nak \u00e9s m\u0171k\u00f6d\u00e9s\u00e9nek felt\u00e9teleit csak a helyi katolikus h\u00edvek anyagi hozz\u00e1j\u00e1rul\u00e1s\u00e1val tudjuk biztos\u00edtani. K\u00e9rj\u00fck a kedves Testv\u00e9reket, hogy sz\u00edveskedjenek \u00e9ves egyh\u00e1zk\u00f6zs\u00e9gi hozz\u00e1j\u00e1rul\u00e1sukat <strong>febru\u00e1r v\u00e9g\u00e9ig<\/strong> befizetni! <strong>Abdai \u00e9s kunszigeti h\u00edveinket szem\u00e9lyesen keress\u00fck meg<\/strong>, t\u00f6bbi egyh\u00e1zk\u00f6zs\u00e9g\u00fcnkben <strong>k\u00e9szp\u00e9nz\u00e1tutal\u00e1si megb\u00edz\u00e1st (s\u00e1rga csekk)<\/strong>, juttatunk el minden csal\u00e1dhoz a befizet\u00e9shez.<\/p>\n\n\n\n<p>Az egyh\u00e1zi hozz\u00e1j\u00e1rul\u00e1s befizet\u00e9se teljes\u00edthet\u0151 tov\u00e1bb\u00e1 az&nbsp;<strong>al\u00e1bbi sz\u00e1mlasz\u00e1mokra t\u00f6rt\u00e9n\u0151 \u00e1tutal\u00e1ssal is<\/strong>:<\/p>\n\n\n\n<ul><li>\u00d6ttev\u00e9nyi R\u00f3mai Katolikus Pl\u00e9b\u00e1nia; 59000064-10260614<\/li><li>Kunszigeti R\u00f3mai Katolikus Pl\u00e9b\u00e1nia; 59000064-11008026<\/li><li>Abdai R\u00f3mai Katolikus Pl\u00e9b\u00e1nia; 59000019-10008061<\/li><li>B\u00f6rcsi R\u00f3mai Katolikus Pl\u00e9b\u00e1nia; 59000019-10020494<\/li><li>Ikr\u00e9nyi R\u00f3mai Katolikus Pl\u00e9b\u00e1nia; 59000019-11012225<\/li><\/ul>\n\n\n\n<p>A nyilv\u00e1ntart\u00e1s vezet\u00e9se miatt k\u00e9rj\u00fck felt\u00fcntetni minden esetben k\u00f6zlem\u00e9nyk\u00e9nt: E.H.2024., nev\u00fcket \u00e9s a lakc\u00edm\u00fcket.<\/p>\n\n\n\n<p><strong><u>Az egyh\u00e1zi hozz\u00e1j\u00e1rul\u00e1s \u00e9ves m\u00e9rt\u00e9ke az Egyh\u00e1zmegyei Hat\u00f3s\u00e1g rendelkez\u00e9se alapj\u00e1n:<\/u><\/strong><\/p>\n\n\n\n<p><strong>Keres\u0151nk\u00e9nt: 6.000,- Ft<br>Nyugd\u00edjasoknak: 4.000,- Ft<\/strong><\/p>\n\n\n\n<p><strong>K\u00d6SZ\u00d6NJ\u00dcK SZ\u00c9PEN A BEFIZET\u00c9SEKET!<\/strong><\/p>\n","protected":false},"excerpt":{"rendered":"<p><strong>K\u00e9rj\u00fck a kedves katolikus Testv\u00e9reket, hogy t\u00e1mogass\u00e1k Pl\u00e9b\u00e1ni\u00e1inkat a 2024. \u00c9VI EGYH\u00c1ZI HOZZ\u00c1J\u00c1RUL\u00c1S befizet\u00e9s\u00e9vel!<\/strong><\/p>\n<p>A pl\u00e9b\u00e1nia, a templom fenntart\u00e1s\u00e1nak \u00e9s m\u0171k\u00f6d\u00e9s\u00e9nek felt\u00e9teleit csak a helyi katolikus h\u00edvek anyagi hozz\u00e1j\u00e1rul\u00e1s\u00e1val tudjuk biztos\u00edtani. K\u00e9rj\u00fck a kedves Testv\u00e9reket, hogy sz\u00edveskedjenek \u00e9ves egyh\u00e1zk\u00f6zs\u00e9gi hozz\u00e1j\u00e1rul\u00e1sukat <strong>febru\u00e1r v\u00e9g\u00e9ig<\/strong> befizetni! <strong>Abdai \u00e9s kunszigeti h\u00edveinket szem\u00e9lyesen keress\u00fck meg<\/strong>, t\u00f6bbi egyh\u00e1zk\u00f6zs\u00e9g\u00fcnkben <strong>k\u00e9szp\u00e9nz\u00e1tutal\u00e1si megb\u00edz\u00e1st (s\u00e1rga &hellip; <\/strong><\/p>\n<p><a class=\"more-link btn\" href=\"https:\/\/otteveny.plebania.hu\/index.php\/hirdetesek\/egyhazi-hozzajarulas\/\">Olvass tov\u00e1bb<\/a><\/p>\n","protected":false},"author":1,"featured_media":0,"parent":6,"menu_order":6,"comment_status":"closed","ping_status":"closed","template":"","meta":[],"_links":{"self":[{"href":"https:\/\/otteveny.plebania.hu\/index.php\/wp-json\/wp\/v2\/pages\/1623"}],"collection":[{"href":"https:\/\/otteveny.plebania.hu\/index.php\/wp-json\/wp\/v2\/pages"}],"about":[{"href":"https:\/\/otteveny.plebania.hu\/index.php\/wp-json\/wp\/v2\/types\/page"}],"author":[{"embeddable":true,"href":"https:\/\/otteveny.plebania.hu\/index.php\/wp-json\/wp\/v2\/users\/1"}],"replies":[{"embeddable":true,"href":"https:\/\/otteveny.plebania.hu\/index.php\/wp-json\/wp\/v2\/comments?post=1623"}],"version-history":[{"count":7,"href":"https:\/\/otteveny.plebania.hu\/index.php\/wp-json\/wp\/v2\/pages\/1623\/revisions"}],"predecessor-version":[{"id":5891,"href":"https:\/\/otteveny.plebania.hu\/index.php\/wp-json\/wp\/v2\/pages\/1623\/revisions\/5891"}],"up":[{"embeddable":true,"href":"https:\/\/otteveny.plebania.hu\/index.php\/wp-json\/wp\/v2\/pages\/6"}],"wp:attachment":[{"href":"https:\/\/otteveny.plebania.hu\/index.php\/wp-json\/wp\/v2\/media?parent=1623"}],"curies":[{"name":"wp","href":"https:\/\/api.w.org\/{rel}","templated":true}]}}