{"id":1654,"date":"2019-07-01T12:57:26","date_gmt":"2019-07-01T12:57:26","guid":{"rendered":"http:\/\/otteveny2.plebania.hu\/?page_id=1654"},"modified":"2020-11-22T22:03:32","modified_gmt":"2020-11-22T22:03:32","slug":"kunsziget","status":"publish","type":"page","link":"https:\/\/otteveny.plebania.hu\/index.php\/templomaink\/kunsziget\/","title":{"rendered":"Kunsziget"},"content":{"rendered":"\n<p>C\u00edm: 9184&nbsp;Kunsziget,&nbsp;Pet\u0151fi t\u00e9r 13. <br>Templom titulusa: Szent L\u0151rinc v\u00e9rtan\u00fa<br>B\u00facs\u00fanap: augusztus 10.<\/p>\n\n\n\n<!--more-->\n\n\n\n<h3>Pl\u00e9b\u00e1niai Tan\u00e1csad\u00f3 Test\u00fclet 2020-2025<\/h3>\n\n\n\n<figure class=\"wp-block-table\"><table><tbody><tr><td>&nbsp;<\/td><td>\u00c1cs P\u00e9ter<\/td><\/tr><tr><td>&nbsp;<\/td><td>Angyal Tam\u00e1s<strong><em> templomatya (gondnok)<\/em><\/strong><\/td><\/tr><tr><td>&nbsp;<\/td><td>B\u00e9lav\u00e1rin\u00e9 V. Margit<strong><em> karit\u00e1szfelel\u0151s<\/em><\/strong><\/td><\/tr><tr><td>&nbsp;<\/td><td>Kungl Anita<strong><em> kommunik\u00e1ci\u00f3s felel\u0151s<\/em><\/strong><\/td><\/tr><tr><td>&nbsp;<\/td><td>Major Ern\u0151<strong><em> jegyz\u0151<\/em><\/strong><\/td><\/tr><tr><td>&nbsp;<\/td><td>Szalai \u00c1rp\u00e1d<strong><em> p\u00e9nzt\u00e1ros<\/em><\/strong><\/td><\/tr><tr><td>&nbsp;<\/td><td>Szalai J\u00f3zsef<\/td><\/tr><tr><td>&nbsp;<\/td><td>Szalai M\u00e1rk<\/td><\/tr><tr><td><strong>&nbsp;<\/strong><\/td><td>Szalai Mikl\u00f3s<\/td><\/tr><tr><td>&nbsp;<\/td><td>Szalai S\u00e1ndor<strong><em> aleln\u00f6k<\/em><\/strong><\/td><\/tr><tr><td>&nbsp;<\/td><td>T\u00f3th Bal\u00e1zs<strong><em> rendezv\u00e9nyfelel\u0151s<\/em><\/strong><\/td><\/tr><tr><td>&nbsp;<\/td><td>T\u00f3th Zolt\u00e1n<strong><em> sz\u00e1mvizsg\u00e1l\u00f3<\/em><\/strong><\/td><\/tr><tr><td>&nbsp;<\/td><td>Varga Bal\u00e1zs<strong><em> pl\u00e9b\u00e1niai gondnok<\/em><\/strong><\/td><\/tr><tr><td>&nbsp;<\/td><td>Virger Gyula<strong><em> sz\u00e1mvizsg\u00e1l\u00f3<\/em><\/strong><\/td><\/tr><\/tbody><\/table><\/figure>\n\n\n\n<h3>Templomunkr\u00f3l r\u00f6viden<\/h3>\n\n\n\n<div class=\"wp-block-image\"><figure class=\"alignright\"><a href=\"http:\/\/otteveny2.plebania.hu\/wp-content\/uploads\/2019\/08\/KunszigetTemplom.jpg\"><img loading=\"lazy\" width=\"200\" height=\"300\" src=\"http:\/\/otteveny2.plebania.hu\/wp-content\/uploads\/2019\/08\/KunszigetTemplomKis.jpg\" alt=\"\" class=\"wp-image-1755\"\/><\/a><\/figure><\/div>\n\n\n\n<p>Kunsziget els\u0151 templom\u00e1t Sz\u00e9cs\u00e9nyi L\u0151rinc \u00e9p\u00edttette az 1670-es \u00e9vek k\u00f6rny\u00e9k\u00e9n. Szent L\u0151rinc v\u00e9rtan\u00fa tisztelet\u00e9re szentelte fel a templomot az \u00e9p\u00edttet\u0151 fia, Sz\u00e9cs\u00e9nyi P\u00e1l gy\u0151ri nagypr\u00e9post 1677 k\u00f6r\u00fcl.<br>A falu ekkoriban n\u00e9pesedett be \u00fajra, miut\u00e1n Gy\u0151r t\u00f6r\u00f6k k\u00e9zre ker\u00fcl\u00e9se ut\u00e1n eln\u00e9ptelenedett. 1683-ban azt\u00e1n \u00fajra menek\u00fclni kellett a falu lak\u00f3inak, amikor a t\u00f6r\u00f6k B\u00e9cs ellen indult. A d\u00fal\u00e1s nem k\u00edm\u00e9lte a n\u00e9h\u00e1ny \u00e9ves templomot sem.<br>1698 ut\u00e1n a Viczay-H\u00e9derv\u00e1ry csal\u00e1d\u00e9 lett a falu, \u0151k telep\u00edtett\u00e9k \u00fajra katolikus lakoss\u00e1ggal. A templomot fel\u00faj\u00edtott\u00e1k.<br>1786-ban az addig \u00d6ttev\u00e9ny fili\u00e1jak\u00e9nt szerepl\u0151 k\u00f6zs\u00e9g \u00f6n\u00e1ll\u00f3 pl\u00e9b\u00e1ni\u00e1v\u00e1 alakult.<br>A ma is l\u00e1that\u00f3 templom 1843-44-ben \u00e9p\u00fclt, k\u00e9s\u0151 klasszicista st\u00edlusban. Az \u00e9p\u00edt\u00e9st Szinger Gy\u00f6rgy \u00e9p\u00edt\u0151mester vezette. A r\u00e9gi templomb\u00f3l megmaradt h\u00fasz f\u00e9r\u0151helynyi pad \u00e9s az 1718-b\u00f3l val\u00f3 mis\u00e9z\u0151 kehely is, rajta a GVNT. SIGHET feliratta.<br>A templom bels\u0151 fest\u00e9se m\u00e1rv\u00e1nyhat\u00e1s\u00fa, ezt a mennyezeti secc\u00f3kkal egy\u00fctt Borsa Antal fest\u0151m\u0171v\u00e9sz k\u00e9sz\u00edtette 1957-ben.<br>Az els\u0151 vil\u00e1gh\u00e1bor\u00fa idej\u00e9n elvitt\u00e9k a templomb\u00f3l a legkisebb \u00e9s legnagyobb harangj\u00e1t. A mai k\u00e9t harang a harmincas \u00e9vekben ker\u00fclt a templom torny\u00e1ba. Ma m\u00e1r elektronikus rendszer h\u00fazza a harangokat, a templom padjai f\u0171t\u00f6ttek, \u00e9s hangfalak er\u0151s\u00edtik a mis\u00e9t mond\u00f3 pl\u00e9b\u00e1nos hangj\u00e1t.<br>2010-ben lecser\u00e9lt\u00e9k a templom tet\u0151szerkezet\u00e9t, szigetelt\u00e9k  \u00e9s k\u00edv\u00fclr\u0151l fel\u00faj\u00edtott\u00e1k \u00e9s \u00fajrafestett\u00e9k a falakat, valamint az \u00e9p\u00fclet d\u00edszes k\u00fcls\u0151 vil\u00e1g\u00edt\u00e1st kapott.<\/p>\n\n\n\n<p><em>(forr\u00e1s: <a href=\"http:\/\/www.kunsziget.hu\/pages\/show\/46\/templom\">http:\/\/www.kunsziget.hu\/pages\/show\/46\/templom<\/a>)<\/em><\/p>\n\n\n\n<h3>Szent Antal k\u00e1polna<\/h3>\n\n\n\n<div class=\"wp-block-image\"><figure class=\"alignright is-resized\"><img loading=\"lazy\" src=\"http:\/\/otteveny2.plebania.hu\/wp-content\/uploads\/2019\/07\/K_Szent-Antal-k\u00e1polna_kis.jpg\" alt=\"\" class=\"wp-image-1661\" width=\"300\" height=\"451\"\/><\/figure><\/div>\n\n\n\n<p>A Szent Antal fogadalmi k\u00e1polna mai form\u00e1ja 1901-ben \u00e9p\u00fclt, amikor a kunszigetiek Szent Antal k\u00f6zbenj\u00e1r\u00e1s\u00e1t k\u00e9rt\u00e9k a marhav\u00e9sz megf\u00e9kez\u00e9s\u00e9hez. A hagyom\u00e1ny \u00fagy tartja: ahogy a k\u00e1polna falai emelkedtek, \u00fagy m\u00falt el a j\u00e1rv\u00e1ny.<\/p>\n\n\n\n<p>Bizonyos, hogy Szent Antal m\u00e1r ezt megel\u0151z\u0151en is a falu patr\u00f3nus\u00e1nak sz\u00e1m\u00edtott, hiszen a k\u00e1poln\u00e1t egy r\u00e9gebbi k\u00e1polna hely\u00e9re \u00e9p\u00edtett\u00e9k.<\/p>\n\n\n\n<p>E kor\u00e1bbi \u00e9p\u00fcletet az 1831-es koleraj\u00e1rv\u00e1nyhoz k\u00f6ti a k\u00f6z\u00f6ss\u00e9gi eml\u00e9kezet.<\/p>\n\n\n\n<p>A k\u00e1polna erekly\u00e9je Szent Antal tunik\u00e1j\u00e1nak egy darabja: 1852-ben ker\u00fclt ide a helyi pl\u00e9b\u00e1ni\u00e1n l\u00e9v\u0151 feljegyz\u00e9s szerint. A r\u00e9gi olt\u00e1rk\u00e9p 1857-b\u0151l val\u00f3; felirata:<\/p>\n\n\n\n<p><em>&#8220;\u00d3h Szent Antal k\u00e9rd az Istent \u00e9rt\u00fcnk,<br> D\u00f6gvesz\u00e9lyt\u0151l mentse meg k\u00f6zs\u00e9g\u00fcnk.<br> \u00c9s hogy egykor az egekbe jussunk,<br> Az \u00dar J\u00e9zus jobbj\u00e1ra \u00e1llhassunk.&#8221;<\/em><\/p>\n\n\n\n<p>A kunszigeti Szent Antal-kultuszt a n\u00e9prajzi szakirodalom is sz\u00e1mon tartja.<\/p>\n\n\n\n<h3>Pl\u00e9b\u00e1niai nap<\/h3>\n\n\n\n<p>Az els\u0151 pl\u00e9b\u00e1niai napot 2009-ben szervezt\u00fck meg. Az a gondolat vez\u00e9relt benn\u00fcnket, hogy a h\u00e1rom egyh\u00e1zk\u00f6zs\u00e9g hittanos gyerekeinek rendszeres alkalmakk\u00e9nt tartalmas elfoglalts\u00e1got ny\u00fajtsunk.<br>\u00c9vente 3-4 alkalommal, szombat d\u00e9lel\u0151tt\u00f6nk\u00e9nt gy\u0171l\u00fcnk \u00f6ssze, \u00e1ltal\u00e1ban a kunszigeti pl\u00e9b\u00e1ni\u00e1n. Mindig a k\u00f6zelg\u0151 \u00fcnnepk\u00f6rrel kapcsolatos el\u0151ad\u00e1st, besz\u00e9lget\u00e9st tartunk, melyet k\u00e9zm\u0171ves foglalkoz\u00e1sok k\u00f6vetnek.<\/p>\n\n\n\n<p>\u00d6r\u00f6m\u00fcnkre szolg\u00e1l, hogy egyre t\u00f6bb gyermek r\u00e9szt vesz a rendezv\u00e9ny\u00fcnk\u00f6n, m\u00e1r 50-60 f\u0151s gyerekcsapat zsivaja t\u00f6lti be a termeket. Igyeksz\u00fcnk sok k\u00e9zm\u0171ves technik\u00e1t felvonultatni, volt m\u00e1r m\u00e1rtott gyertya k\u00e9sz\u00edt\u00e9s, \u00edrott toj\u00e1s fest\u00e9s, toj\u00e1s berzsel\u00e9s, k\u00e9sz\u00edtett\u00fcnk gy\u00f6ngy\u00f6s vir\u00e1gf\u00fcz\u00e9rt, kar\u00e1csonyi k\u00e9peslapot, madaras ajt\u00f3d\u00edszt, falev\u00e9lb\u0151l r\u00f3zsacsokrot, m\u00e9csestart\u00f3t, pap\u00edrt\u00f6k\u00f6t, s\u0151t, festett\u00fcnk erdei man\u00f3t is.<br>Terveink k\u00f6z\u00f6tt szerepel a pl\u00e9b\u00e1niaudvar kemenc\u00e9s ny\u00e1ri konyh\u00e1j\u00e1nak be\u00fczemel\u00e9se langall\u00f3 s\u00fct\u00e9sre is.<br> Minden \u00e9rdekl\u0151d\u0151 hittanost tov\u00e1bbra is szeretettel v\u00e1runk rendezv\u00e9nyeinkre, melyek ingyenes programok.<\/p>\n\n\n\n<div class=\"wp-block-image\"><figure class=\"aligncenter\"><img loading=\"lazy\" width=\"900\" height=\"636\" src=\"http:\/\/otteveny2.plebania.hu\/wp-content\/uploads\/2019\/07\/K_Pl\u00e9b\u00e1niai-napok_kis.jpg\" alt=\"\" class=\"wp-image-1664\" srcset=\"https:\/\/otteveny.plebania.hu\/wp-content\/uploads\/2019\/07\/K_Pl\u00e9b\u00e1niai-napok_kis.jpg 900w, https:\/\/otteveny.plebania.hu\/wp-content\/uploads\/2019\/07\/K_Pl\u00e9b\u00e1niai-napok_kis-768x543.jpg 768w\" sizes=\"(max-width: 900px) 100vw, 900px\" \/><\/figure><\/div>\n\n\n\n<h3>K\u00e9zm\u0171ves t\u00e1bor<\/h3>\n\n\n\n<p>A k\u00e9zm\u0171ves t\u00e1borokat a pl\u00e9b\u00e1niai napok k\u00e9zm\u0171ves foglalkoz\u00e1sainak siker\u00e9n felbuzdulva 2011-t\u0151l szervezz\u00fck. Azoknak az \u00f6ttev\u00e9nyi, mosonszentmikl\u00f3si \u00e9s kunszigeti hittanos gyerekeknek sz\u00e1njuk programunkat, akik egy-egy technik\u00e1val k\u00f6zelebbr\u0151l is megismerkedn\u00e9nek.<\/p>\n\n\n\n<p>Erre lehet\u0151s\u00e9get is ad a t\u00e1bor, melynek v\u00e9g\u00e9n a r\u00e9sztvev\u0151k tetszet\u0151s, haszn\u00e1lati \u00e9s d\u00edszt\u00e1rgyakkal t\u00e9rhetnek haza. A t\u00e1borban d\u00edsz\u00edtett\u00fcnk nyomdatechnik\u00e1val v\u00e1szont\u00e1sk\u00e1t, p\u00f3l\u00f3t, megismerkedt\u00fcnk a nemezel\u00e9s alapjaival, k\u00e9sz\u00edtett\u00fcnk mozaikot, gy\u00f6ngy \u00e9kszereket, \u00e9s hangulatos ny\u00e1ri l\u00e1mp\u00e1st is.<\/p>\n\n\n\n<p>Minden t\u00e1bort kis ki\u00e1ll\u00edt\u00e1ssal z\u00e1runk, ahol a sz\u00fcl\u0151k, nagysz\u00fcl\u0151k megn\u00e9zhetik a t\u00e1boroz\u00f3k alkot\u00e1sait. A h\u00e1rom napos t\u00e1bort \u00f6nk\u00f6lts\u00e9gen, d\u00e9lel\u0151tti \u00e9s d\u00e9lut\u00e1ni foglalkoz\u00e1sokkal, \u00e9s napk\u00f6zbeni ell\u00e1t\u00e1ssal szervezz\u00fck.<\/p>\n\n\n\n<div class=\"wp-block-image\"><figure class=\"aligncenter\"><img loading=\"lazy\" width=\"630\" height=\"900\" src=\"http:\/\/otteveny2.plebania.hu\/wp-content\/uploads\/2019\/07\/K\u00e9zm\u0171ves-t\u00e1bor-2011_kis.jpg\" alt=\"\" class=\"wp-image-1665\"\/><\/figure><\/div>\n\n\n\n<div class=\"wp-block-image\"><figure class=\"aligncenter\"><img loading=\"lazy\" width=\"630\" height=\"900\" src=\"http:\/\/otteveny2.plebania.hu\/wp-content\/uploads\/2019\/07\/K\u00e9zm\u0171ves-t\u00e1bor-2012_kis.jpg\" alt=\"\" class=\"wp-image-1667\"\/><\/figure><\/div>\n\n\n\n<p><\/p>\n","protected":false},"excerpt":{"rendered":"<p>C\u00edm: 9184&nbsp;Kunsziget,&nbsp;Pet\u0151fi t\u00e9r 13. <br \/>Templom titulusa: Szent L\u0151rinc v\u00e9rtan\u00fa<br \/>B\u00facs\u00fanap: augusztus 10.<\/p><p><a class=\"more-link btn\" href=\"https:\/\/otteveny.plebania.hu\/index.php\/templomaink\/kunsziget\/\">Olvass tov\u00e1bb<\/a><\/p>\n","protected":false},"author":1,"featured_media":1755,"parent":1652,"menu_order":0,"comment_status":"closed","ping_status":"closed","template":"","meta":[],"_links":{"self":[{"href":"https:\/\/otteveny.plebania.hu\/index.php\/wp-json\/wp\/v2\/pages\/1654"}],"collection":[{"href":"https:\/\/otteveny.plebania.hu\/index.php\/wp-json\/wp\/v2\/pages"}],"about":[{"href":"https:\/\/otteveny.plebania.hu\/index.php\/wp-json\/wp\/v2\/types\/page"}],"author":[{"embeddable":true,"href":"https:\/\/otteveny.plebania.hu\/index.php\/wp-json\/wp\/v2\/users\/1"}],"replies":[{"embeddable":true,"href":"https:\/\/otteveny.plebania.hu\/index.php\/wp-json\/wp\/v2\/comments?post=1654"}],"version-history":[{"count":13,"href":"https:\/\/otteveny.plebania.hu\/index.php\/wp-json\/wp\/v2\/pages\/1654\/revisions"}],"predecessor-version":[{"id":2996,"href":"https:\/\/otteveny.plebania.hu\/index.php\/wp-json\/wp\/v2\/pages\/1654\/revisions\/2996"}],"up":[{"embeddable":true,"href":"https:\/\/otteveny.plebania.hu\/index.php\/wp-json\/wp\/v2\/pages\/1652"}],"wp:featuredmedia":[{"embeddable":true,"href":"https:\/\/otteveny.plebania.hu\/index.php\/wp-json\/wp\/v2\/media\/1755"}],"wp:attachment":[{"href":"https:\/\/otteveny.plebania.hu\/index.php\/wp-json\/wp\/v2\/media?parent=1654"}],"curies":[{"name":"wp","href":"https:\/\/api.w.org\/{rel}","templated":true}]}}