{"id":1717,"date":"2019-08-22T12:45:52","date_gmt":"2019-08-22T12:45:52","guid":{"rendered":"http:\/\/otteveny2.plebania.hu\/?page_id=1717"},"modified":"2020-11-22T22:04:09","modified_gmt":"2020-11-22T22:04:09","slug":"otteveny","status":"publish","type":"page","link":"https:\/\/otteveny.plebania.hu\/index.php\/templomaink\/otteveny\/","title":{"rendered":"\u00d6ttev\u00e9ny"},"content":{"rendered":"\n<p>C\u00edm: 9153 \u00d6ttev\u00e9ny, F\u0151 u. 120.<br>Templom titulusa: Keresztel\u0151 Szent J\u00e1nos<br>B\u00facs\u00fanap: j\u00fanius 24. &#8211; Keresztel\u0151 Szent J\u00e1nos Sz\u00fclet\u00e9se<\/p>\n\n\n\n<!--more-->\n\n\n\n<h3><strong>Pl\u00e9b\u00e1niai Tan\u00e1csad\u00f3 Test\u00fclet<\/strong> 2020-2025<\/h3>\n\n\n\n<figure class=\"wp-block-table\"><table><tbody><tr><td>&nbsp;<\/td><td>B\u0151sz\u00e9n\u00e9 H. Erzs\u00e9bet <strong><em>rendezv\u00e9nyfelel\u0151s<\/em><\/strong><\/td><\/tr><tr><td>&nbsp;<\/td><td>Gerzsabek B\u00e9la <strong><em>p\u00e9nzt\u00e1ros<\/em><\/strong><\/td><\/tr><tr><td>&nbsp;<\/td><td>Gintli Katalin<\/td><\/tr><tr><td>&nbsp;<\/td><td>Gintli Zolt\u00e1n <strong><em>pl\u00e9b\u00e1niai gondnok, sz\u00e1mvizsg\u00e1l\u00f3<\/em><\/strong><\/td><\/tr><tr><td>&nbsp;<\/td><td>Gy\u0151ry K\u00e1roly<\/td><\/tr><tr><td>&nbsp;<\/td><td>K\u00e1ntor L\u00e1szl\u00f3 <strong><em>jegyz\u0151<\/em><\/strong><\/td><\/tr><tr><td>&nbsp;<\/td><td>Kir\u00e1ly P\u00e9ter <strong><em>karit\u00e1sz felel\u0151s<\/em><\/strong><\/td><\/tr><tr><td>&nbsp;<\/td><td>L\u00e1szl\u00f3 Ferenc <strong><em>templomatya(gondnok)<\/em><\/strong><\/td><\/tr><tr><td><strong>&nbsp;<\/strong><\/td><td>L\u00e1szl\u00f3 Ferencn\u00e9 <strong><em>aleln\u00f6k<\/em><\/strong><\/td><\/tr><tr><td>&nbsp;<\/td><td>M\u00f3ricz S\u00e1ndorn\u00e9 <strong><em>sz\u00e1mvizsg\u00e1l\u00f3<\/em><\/strong><\/td><\/tr><tr><td>&nbsp;<\/td><td>N\u00e9meth L\u00e1szl\u00f3<\/td><\/tr><tr><td>&nbsp;<\/td><td>Sallai Regina <strong><em>kommunik\u00e1ci\u00f3s koordin\u00e1tor<\/em><\/strong><\/td><\/tr><tr><td>&nbsp;<\/td><td>Szab\u00f3 Ferenc ifj.<\/td><\/tr><tr><td>&nbsp;<\/td><td>Szab\u00f3 Vince<\/td><\/tr><tr><td>&nbsp;<\/td><td>Szekeres Bern\u00e1t<strong><em> kommunik\u00e1ci\u00f3s felel\u0151s<\/em><\/strong><\/td><\/tr><\/tbody><\/table><\/figure>\n\n\n\n<h3>Templomunkr\u00f3l r\u00f6viden<\/h3>\n\n\n\n<div class=\"wp-block-image\"><figure class=\"alignright\"><a href=\"http:\/\/otteveny2.plebania.hu\/wp-content\/uploads\/2019\/08\/OttevenyTemplom.jpg\"><img loading=\"lazy\" width=\"200\" height=\"300\" src=\"http:\/\/otteveny2.plebania.hu\/wp-content\/uploads\/2019\/08\/OttevenyTemplomKis.jpg\" alt=\"\" class=\"wp-image-1719\"\/><\/a><\/figure><\/div>\n\n\n\n<p>Az \u00f6ttev\u00e9nyi Keresztel\u0151 Szent J\u00e1nos templom egyes forr\u00e1sok szerint 1720-ban, m\u00e1s forr\u00e1sok szerint 1786-ban \u00e9p\u00fclt. Kegyura Khun-H\u00e9derv\u00e1ry K\u00e1roly. Az \u00e9p\u00fcletet t\u00f6bbsz\u00f6r fel\u00faj\u00edtott\u00e1k, illetve a faluban 1849-ben puszt\u00edtott t\u0171zv\u00e9szben keletkezett s\u00e9r\u00fcl\u00e9sek miatt \u00fajj\u00e1\u00e9p\u00edtett\u00e9k. Templomunkban tal\u00e1lhat\u00f3 az 1934-ben \u00f6nt\u00f6tt \u00e9s felszentelt \u201eH\u0151s\u00f6k harangja\u201d, melyen a h\u00e1bor\u00faban elesett h\u0151s\u00f6k nevei szerepelnek. Az eredeti templombels\u0151 a II. Vatik\u00e1ni Zsinat (1962-65) ut\u00e1n sok m\u00e1s templombels\u0151h\u00f6z hasonl\u00f3an \u00e1talakult. A sz\u00f3sz\u00e9k elbont\u00e1sra ker\u00fclt, az olt\u00e1rk\u00e9p hely\u00e9re falfestm\u00e9ny ker\u00fclt. A hagyom\u00e1nyos olt\u00e1r helyett szembemis\u00e9z\u0151 olt\u00e1rt helyeztek el. A II. vil\u00e1gh\u00e1bor\u00faban elvitt k\u00e9t harang hely\u00e9re a h\u00edvek \u00e9s a pl\u00e9b\u00e1nia k\u00f6z\u00f6ss\u00e9ge 1992-ben a Magyarok Nagyasszonya tisztelet\u00e9re egy harangot \u00fajra\u00f6ntetett. A templom \u00e9s k\u00f6rnyezete 2013-14-ben fel\u00faj\u00edt\u00e1sra ker\u00fclt. Egyik k\u00fcls\u0151 fal\u00e1n elhelyez\u00e9sre ker\u00fclt egy sz\u00e9p Trianoni eml\u00e9kfa, m\u00e1sik fal\u00e1n m\u00e1rv\u00e1ny eml\u00e9kt\u00e1bla l\u00e1that\u00f3 az 1956-os forradalom \u00e9s szabads\u00e1gharc \u00e1ldozat\u00e1ul esett \u00f6ttev\u00e9nyi pl\u00e9b\u00e1nos, Mar\u00e1z Lajos tisztelet\u00e9re.<\/p>\n\n\n\n<p><em>(forr\u00e1s: <a href=\"http:\/\/www.otteveny.hu\/onkormanyzat\/latnivalok\/\">http:\/\/www.otteveny.hu\/onkormanyzat\/latnivalok\/<\/a>)<\/em><\/p>\n\n\n\n<h3>Keresztel\u0151 Szent J\u00e1nos<\/h3>\n\n\n\n<p>Sz\u00fclei Zakari\u00e1s zsid\u00f3 pap \u00e9s feles\u00e9ge Erzs\u00e9bet, id\u0151s korukban kapt\u00e1k Isten kegyelm\u00e9b\u0151l J\u00e1nost, aki anyja m\u00e9h\u00e9t\u0151l fogva el volt telve Szentl\u00e9lekkel. \u0150 volt Jahve v\u00e9gs\u0151 id\u0151kre sz\u00e1nt pr\u00f3f\u00e9t\u00e1ja, aki sz\u00fclet\u00e9se, besz\u00e9de \u00e9s tettei \u00e1ltal meghozza Izrael n\u00e9p\u00e9nek az \u00fcdv\u00f6ss\u00e9g idej\u00e9t. <em>(Lk 1,15-17)<\/em><br>Amikor a zsid\u00f3k megl\u00e1tt\u00e1k a Keresztel\u0151 b\u0151r\u00f6vvel \u00f6sszefogott tevesz\u0151r ruh\u00e1j\u00e1t, legizz\u00f3bb pr\u00f3f\u00e9t\u00e1jukra Ill\u00e9sre eml\u00e9keztek, akinek az akkori zsid\u00f3s\u00e1g v\u00e1rakoz\u00e1sa szerint a v\u00e9g el\u0151tt vissza kell t\u00e9rnie, hogy Jahve vagy a Messi\u00e1s el\u0151fut\u00e1rak\u00e9nt f\u00f6lk\u00e9sz\u00edtse a n\u00e9pet az \u00fcdv\u00f6ss\u00e9g idej\u00e9re. <br>\u201eTartsatok b\u0171nb\u00e1natot! T\u00e9rjetek eg\u00e9sz embers\u00e9gtekkel Istenhez \u00e9s az \u0151 elj\u00f6vend\u0151 orsz\u00e1g\u00e1hoz.\u201d <em>(Mt 3,2)<\/em><br>A Keresztel\u0151 igaz pr\u00f3f\u00e9tak\u00e9nt emelte f\u00f6l szav\u00e1t az Isten parancs\u00e1t semmibe vev\u0151 tartom\u00e1nyi fejedelem ellen. Ami\u00e9rt J\u00e1nos Her\u00f3des v\u00e9tk\u00e9t oly b\u00e1tran megnevezte, elfogt\u00e1k. Her\u00f3des mostohal\u00e1nya Salome egy borg\u0151z\u00f6s \u00fcnnepi mulats\u00e1gon t\u00e1nc\u00e1\u00e9rt fizets\u00e9g\u00fcl a rab J\u00e1nos fej\u00e9t k\u00f6vetelte. <em>(Mk 6,17-29)<\/em><br>A keresztel\u0151 \u00fcdvt\u00f6rt\u00e9netileg p\u00e1ratlan jelent\u0151s\u00e9ge: Isteni k\u00fcldet\u00e9s\u00e9nek \u00e9s pr\u00f3f\u00e9tai nagys\u00e1g\u00e1nak \u00f6r\u00f6k tan\u00faja lett J\u00e9zus az\u00e1ltal, hogy f\u00f6lkereste a Jord\u00e1nn\u00e1l \u00e9s megkeresztelkedve vallom\u00e1st tett pr\u00f3f\u00e9tai igehirdet\u00e9se \u00e9s Isten n\u00e9p\u00e9nek f\u00f6lk\u00e9sz\u00edt\u00e9se mellett. <em>(Mk 1,9)<\/em><br>J\u00e1nos igazi pr\u00f3f\u00e9ta volt, az utols\u00f3 \u00e9s a legnagyobb a pr\u00f3f\u00e9t\u00e1k k\u00f6z\u00fcl. \u0150 az igaz vil\u00e1goss\u00e1g tan\u00faja \u2013 mely vil\u00e1goss\u00e1g a vil\u00e1gba j\u00f6tt \u2013 de nem \u0151 maga a vil\u00e1goss\u00e1g. <em>(Jn 1,8-10)<\/em><br>Az egyh\u00e1z J\u00e9zuson \u00e9s Sz\u0171z M\u00e1ri\u00e1n k\u00edv\u00fcl csak Keresztel\u0151 Szent J\u00e1nosnak \u00fcnnepli meg a test szerint val\u00f3 sz\u00fclet\u00e9se napj\u00e1t.<\/p>\n\n\n\n<p><em>(forr\u00e1s: <\/em><a href=\"https:\/\/www.magyarkurir.hu\/hirek\/keresztelo-szent-janos-szuletese\"><em>https:\/\/www.magyarkurir.hu\/hirek\/keresztelo-szent-janos-szuletese<\/em><\/a><em>)<\/em><\/p>\n\n\n\n<h3>Egyh\u00e1zk\u00f6zs\u00e9g\u00fcnk lelkip\u00e1sztorai<\/h3>\n\n\n\n<figure class=\"wp-block-table\"><table><tbody><tr><td>Misk\u00f3czi Bern\u00e1t<\/td><td> 1669-1675 <\/td><\/tr><tr><td>Kuzmich P\u00e9ter<\/td><td><\/td><\/tr><tr><td>Ray Imre<\/td><td><\/td><\/tr><tr><td>Tam\u00e1s Licnotius<\/td><td><\/td><\/tr><tr><td>Piskarich Gy\u00f6rgy <\/td><td>1721<\/td><\/tr><tr><td>Hap\u00f3 J\u00e1nos <\/td><td>1721-1723<\/td><\/tr><tr><td>Belkovics \u00c1d\u00e1m <\/td><td>1723-1727<\/td><\/tr><tr><td>Bujdos\u00f3 Mih\u00e1ly <\/td><td>1727-1730<\/td><\/tr><tr><td>Kulsits M\u00e1ty\u00e1s <\/td><td>1730-1737<\/td><\/tr><tr><td>Bogn\u00e1r J\u00f3zsef <\/td><td>1737-1765<\/td><\/tr><tr><td>Jemri J\u00f3zsef <\/td><td>1765-1774<\/td><\/tr><tr><td>Mollih Ferenc <\/td><td>1774-1779<\/td><\/tr><tr><td>Slap\u00e1l M\u00e1rton <\/td><td>1779-1815<\/td><\/tr><tr><td>Kerekes Gy\u00f6rgy <\/td><td>1815-1847<\/td><\/tr><tr><td>T\u00f3th J\u00f3zsef <\/td><td>1847-1848<\/td><\/tr><tr><td>Horv\u00e1th Ferenc <\/td><td>1849-1852<\/td><\/tr><tr><td>Horv\u00e1th J\u00f3zsef <\/td><td>1852-1856<\/td><\/tr><tr><td>Barbay Alajos <\/td><td>1856-1892<\/td><\/tr><tr><td>Luk\u00e1ts J\u00e1nos <\/td><td>1892-1919<\/td><\/tr><tr><td>H\u00f3bor Ferenc <\/td><td>1922-1925<\/td><\/tr><tr><td>Keifes K\u00e1roly <\/td><td>1925-1960<\/td><\/tr><tr><td>Kov\u00e1ts K\u00e1roly <\/td><td>1960-1961<\/td><\/tr><tr><td>Mar\u00e1z Lajos <\/td><td>1961-1975<\/td><\/tr><tr><td>Somfai \u00c1rp\u00e1d <\/td><td>1974-1976<\/td><\/tr><tr><td>P\u00e9ntek J\u00f3zsef <\/td><td>1976-1993<\/td><\/tr><tr><td>G\u00e1l Imre <\/td><td>1993-2004<\/td><\/tr><tr><td>Winkler Zsolt <\/td><td>2004-<\/td><\/tr><\/tbody><\/table><\/figure>\n\n\n\n<p><\/p>\n","protected":false},"excerpt":{"rendered":"<p>C\u00edm: 9153 \u00d6ttev\u00e9ny, F\u0151 u. 120.<br \/>Templom titulusa: Keresztel\u0151 Szent J\u00e1nos<br \/>B\u00facs\u00fanap: j\u00fanius 24. &#8211; Keresztel\u0151 Szent J\u00e1nos Sz\u00fclet\u00e9se<\/p><p><a class=\"more-link btn\" href=\"https:\/\/otteveny.plebania.hu\/index.php\/templomaink\/otteveny\/\">Olvass tov\u00e1bb<\/a><\/p>\n","protected":false},"author":1,"featured_media":1719,"parent":1652,"menu_order":0,"comment_status":"closed","ping_status":"closed","template":"","meta":[],"_links":{"self":[{"href":"https:\/\/otteveny.plebania.hu\/index.php\/wp-json\/wp\/v2\/pages\/1717"}],"collection":[{"href":"https:\/\/otteveny.plebania.hu\/index.php\/wp-json\/wp\/v2\/pages"}],"about":[{"href":"https:\/\/otteveny.plebania.hu\/index.php\/wp-json\/wp\/v2\/types\/page"}],"author":[{"embeddable":true,"href":"https:\/\/otteveny.plebania.hu\/index.php\/wp-json\/wp\/v2\/users\/1"}],"replies":[{"embeddable":true,"href":"https:\/\/otteveny.plebania.hu\/index.php\/wp-json\/wp\/v2\/comments?post=1717"}],"version-history":[{"count":9,"href":"https:\/\/otteveny.plebania.hu\/index.php\/wp-json\/wp\/v2\/pages\/1717\/revisions"}],"predecessor-version":[{"id":2995,"href":"https:\/\/otteveny.plebania.hu\/index.php\/wp-json\/wp\/v2\/pages\/1717\/revisions\/2995"}],"up":[{"embeddable":true,"href":"https:\/\/otteveny.plebania.hu\/index.php\/wp-json\/wp\/v2\/pages\/1652"}],"wp:featuredmedia":[{"embeddable":true,"href":"https:\/\/otteveny.plebania.hu\/index.php\/wp-json\/wp\/v2\/media\/1719"}],"wp:attachment":[{"href":"https:\/\/otteveny.plebania.hu\/index.php\/wp-json\/wp\/v2\/media?parent=1717"}],"curies":[{"name":"wp","href":"https:\/\/api.w.org\/{rel}","templated":true}]}}