{"id":1727,"date":"2019-08-22T14:47:20","date_gmt":"2019-08-22T14:47:20","guid":{"rendered":"http:\/\/otteveny2.plebania.hu\/?page_id=1727"},"modified":"2021-10-30T09:34:10","modified_gmt":"2021-10-30T09:34:10","slug":"borcs","status":"publish","type":"page","link":"https:\/\/otteveny.plebania.hu\/index.php\/templomaink\/borcs\/","title":{"rendered":"B\u00f6rcs"},"content":{"rendered":"\n<div class=\"wp-block-image\"><figure class=\"alignright\"><a href=\"http:\/\/otteveny2.plebania.hu\/wp-content\/uploads\/2019\/08\/BorcsTemplom.jpg\"><img loading=\"lazy\" width=\"200\" height=\"300\" src=\"http:\/\/otteveny2.plebania.hu\/wp-content\/uploads\/2019\/08\/BorcsTemplomKis.jpg\" alt=\"\" class=\"wp-image-1746\"\/><\/a><\/figure><\/div>\n\n\n\n<p>C\u00edm: 9152&nbsp;B\u00f6rcs,&nbsp;F\u0151 u. 26.<br>Templom titulusa:  Szent Bertalan<br>B\u00facs\u00fanap: augusztus 24.<br>  <br>  <br><br>  <br>  <br>    <br>  <\/p>\n\n\n\n<!--more-->\n\n\n\n<h3>Pl\u00e9b\u00e1niai Tan\u00e1csad\u00f3 Test\u00fclet 2020-2025<\/h3>\n\n\n\n<figure class=\"wp-block-table\"><table><tbody><tr><td>&nbsp;<\/td><td>Csonka Tibor<\/td><\/tr><tr><td>&nbsp;<\/td><td>Farkas L\u00e1szl\u00f3<strong><em><\/em><\/strong><\/td><\/tr><tr><td>&nbsp;<\/td><td>Hatos Hajnalka<strong><em> aleln\u00f6k, sz\u00e1mvizsg\u00e1l\u00f3<\/em><\/strong><\/td><\/tr><tr><td>&nbsp;<\/td><td>Nagy Andr\u00e1s<\/td><\/tr><tr><td>&nbsp;<\/td><td>Piszkei P\u00e9ter<strong><em> p\u00e9nzt\u00e1ros<\/em><\/strong><\/td><\/tr><tr><td>&nbsp;<\/td><td>Piszkei P\u00e9tern\u00e9<strong><em> templomanya (gondnok)<\/em><\/strong><\/td><\/tr><tr><td>&nbsp;<\/td><td>R\u00e1cz R\u00f3bert<strong><em> sz\u00e1mvizsg\u00e1l\u00f3<\/em><\/strong><\/td><\/tr><tr><td>&nbsp;<\/td><td>Sink\u00f3 Istv\u00e1n<\/td><\/tr><tr><td>&nbsp;<\/td><td>Sink\u00f3n\u00e9 Meszl\u00e9nyi Ildik\u00f3<strong><em> karit\u00e1szfelel\u0151s<\/em><\/strong><\/td><\/tr><tr><td>&nbsp;<\/td><td>Varga J\u00f3zsefn\u00e9 dr.<strong><em> jegyz\u0151, kommunik\u00e1ci\u00f3s felel\u0151s<\/em><\/strong><\/td><\/tr><\/tbody><\/table><\/figure>\n","protected":false},"excerpt":{"rendered":"<p><a href=\"http:\/\/otteveny2.plebania.hu\/wp-content\/uploads\/2019\/08\/BorcsTemplom.jpg\"><\/a> <\/p>\n<p>C\u00edm: 9152&nbsp;B\u00f6rcs,&nbsp;F\u0151 u. 26.<br \/>Templom titulusa: Szent Bertalan<br \/>B\u00facs\u00fanap: augusztus 24.<\/p>\n<p> <\/p><p><a class=\"more-link btn\" href=\"https:\/\/otteveny.plebania.hu\/index.php\/templomaink\/borcs\/\">Olvass tov\u00e1bb<\/a><\/p>\n","protected":false},"author":1,"featured_media":1746,"parent":1652,"menu_order":0,"comment_status":"closed","ping_status":"closed","template":"","meta":[],"_links":{"self":[{"href":"https:\/\/otteveny.plebania.hu\/index.php\/wp-json\/wp\/v2\/pages\/1727"}],"collection":[{"href":"https:\/\/otteveny.plebania.hu\/index.php\/wp-json\/wp\/v2\/pages"}],"about":[{"href":"https:\/\/otteveny.plebania.hu\/index.php\/wp-json\/wp\/v2\/types\/page"}],"author":[{"embeddable":true,"href":"https:\/\/otteveny.plebania.hu\/index.php\/wp-json\/wp\/v2\/users\/1"}],"replies":[{"embeddable":true,"href":"https:\/\/otteveny.plebania.hu\/index.php\/wp-json\/wp\/v2\/comments?post=1727"}],"version-history":[{"count":8,"href":"https:\/\/otteveny.plebania.hu\/index.php\/wp-json\/wp\/v2\/pages\/1727\/revisions"}],"predecessor-version":[{"id":4000,"href":"https:\/\/otteveny.plebania.hu\/index.php\/wp-json\/wp\/v2\/pages\/1727\/revisions\/4000"}],"up":[{"embeddable":true,"href":"https:\/\/otteveny.plebania.hu\/index.php\/wp-json\/wp\/v2\/pages\/1652"}],"wp:featuredmedia":[{"embeddable":true,"href":"https:\/\/otteveny.plebania.hu\/index.php\/wp-json\/wp\/v2\/media\/1746"}],"wp:attachment":[{"href":"https:\/\/otteveny.plebania.hu\/index.php\/wp-json\/wp\/v2\/media?parent=1727"}],"curies":[{"name":"wp","href":"https:\/\/api.w.org\/{rel}","templated":true}]}}