{"id":1731,"date":"2019-08-22T15:48:44","date_gmt":"2019-08-22T15:48:44","guid":{"rendered":"http:\/\/otteveny2.plebania.hu\/?page_id=1731"},"modified":"2021-04-13T19:16:29","modified_gmt":"2021-04-13T19:16:29","slug":"ikreny","status":"publish","type":"page","link":"https:\/\/otteveny.plebania.hu\/index.php\/templomaink\/ikreny\/","title":{"rendered":"Ikr\u00e9ny"},"content":{"rendered":"\n<div class=\"wp-block-image\"><figure class=\"alignright\"><a href=\"http:\/\/otteveny2.plebania.hu\/wp-content\/uploads\/2019\/08\/Ikr\u00e9nyTemplom.jpg\"><img loading=\"lazy\" width=\"300\" height=\"200\" src=\"http:\/\/otteveny2.plebania.hu\/wp-content\/uploads\/2019\/08\/Ikr\u00e9nyTemplomKis.jpg\" alt=\"\" class=\"wp-image-1759\"\/><\/a><\/figure><\/div>\n\n\n\n<p>C\u00edm: 9141 Ikr\u00e9ny, Gy\u0151ri \u00fat <br>Templom titulusa: Szent Kereszt felmagasztal\u00e1sa<br>B\u00facs\u00fanap: szeptember 14.<br>  <br>  <br>  <\/p>\n\n\n\n<!--more-->\n\n\n\n<h3>Pl\u00e9b\u00e1niai Tan\u00e1csad\u00f3 Test\u00fclet 2020-2025<\/h3>\n\n\n\n<figure class=\"wp-block-table\"><table><tbody><tr><td>&nbsp;<\/td><td>Balogh Andr\u00e1s<\/td><\/tr><tr><td>&nbsp;<\/td><td>Baloghn\u00e9 Gerencs\u00e9r M\u00e1rta<strong><em> kommunik\u00e1ci\u00f3s felel\u0151s<\/em><\/strong><\/td><\/tr><tr><td>&nbsp;<\/td><td>Fazekas Zolt\u00e1n<strong><em> aleln\u00f6k<\/em><\/strong><\/td><\/tr><tr><td>&nbsp;<\/td><td>Fodor Ildik\u00f3<strong><em> sz\u00e1mvizsg\u00e1l\u00f3<\/em><\/strong><\/td><\/tr><tr><td>&nbsp;<\/td><td>J\u00f3zsa J\u00f3zsef<\/td><\/tr><tr><td>&nbsp;<\/td><td>J\u00f3zsa R\u00f3bert<strong><em> p\u00e9nzt\u00e1ros<\/em><\/strong><\/td><\/tr><tr><td>&nbsp;<\/td><td>Kov\u00e1cs Alajosn\u00e9<strong><em> karit\u00e1szfelel\u0151s<\/em><\/strong><\/td><\/tr><tr><td><strong>&nbsp;<\/strong><\/td><td>Miletics Marcell<\/td><\/tr><tr><td>&nbsp;<\/td><td>Olajos J\u00f3zsefn\u00e9<strong><em> templomanya (gondnok)<\/em><\/strong><\/td><\/tr><tr><td>&nbsp;<\/td><td>Palanikn\u00e9 Schmidt Kinga<strong><em> jegyz\u0151<\/em><\/strong><\/td><\/tr><tr><td>&nbsp;<\/td><td>So\u00f3s R\u00f3bertn\u00e9<\/td><\/tr><tr><td>&nbsp;<\/td><td>Vida P\u00e9ter<strong><em> sz\u00e1mvizsg\u00e1l\u00f3<\/em><\/strong><\/td><\/tr><\/tbody><\/table><\/figure>\n","protected":false},"excerpt":{"rendered":"<p><a href=\"http:\/\/otteveny2.plebania.hu\/wp-content\/uploads\/2019\/08\/Ikr\u00e9nyTemplom.jpg\"><\/a> <\/p>\n<p>C\u00edm: 9141 Ikr\u00e9ny, Gy\u0151ri \u00fat <br \/>Templom titulusa: Szent Kereszt felmagasztal\u00e1sa<br \/>B\u00facs\u00fanap: szeptember 14.<\/p>\n<p> <\/p><p><a class=\"more-link btn\" href=\"https:\/\/otteveny.plebania.hu\/index.php\/templomaink\/ikreny\/\">Olvass tov\u00e1bb<\/a><\/p>\n","protected":false},"author":1,"featured_media":1759,"parent":1652,"menu_order":0,"comment_status":"closed","ping_status":"closed","template":"","meta":[],"_links":{"self":[{"href":"https:\/\/otteveny.plebania.hu\/index.php\/wp-json\/wp\/v2\/pages\/1731"}],"collection":[{"href":"https:\/\/otteveny.plebania.hu\/index.php\/wp-json\/wp\/v2\/pages"}],"about":[{"href":"https:\/\/otteveny.plebania.hu\/index.php\/wp-json\/wp\/v2\/types\/page"}],"author":[{"embeddable":true,"href":"https:\/\/otteveny.plebania.hu\/index.php\/wp-json\/wp\/v2\/users\/1"}],"replies":[{"embeddable":true,"href":"https:\/\/otteveny.plebania.hu\/index.php\/wp-json\/wp\/v2\/comments?post=1731"}],"version-history":[{"count":5,"href":"https:\/\/otteveny.plebania.hu\/index.php\/wp-json\/wp\/v2\/pages\/1731\/revisions"}],"predecessor-version":[{"id":3388,"href":"https:\/\/otteveny.plebania.hu\/index.php\/wp-json\/wp\/v2\/pages\/1731\/revisions\/3388"}],"up":[{"embeddable":true,"href":"https:\/\/otteveny.plebania.hu\/index.php\/wp-json\/wp\/v2\/pages\/1652"}],"wp:featuredmedia":[{"embeddable":true,"href":"https:\/\/otteveny.plebania.hu\/index.php\/wp-json\/wp\/v2\/media\/1759"}],"wp:attachment":[{"href":"https:\/\/otteveny.plebania.hu\/index.php\/wp-json\/wp\/v2\/media?parent=1731"}],"curies":[{"name":"wp","href":"https:\/\/api.w.org\/{rel}","templated":true}]}}