{"id":1741,"date":"2019-08-22T14:09:47","date_gmt":"2019-08-22T14:09:47","guid":{"rendered":"http:\/\/otteveny2.plebania.hu\/?page_id=1741"},"modified":"2020-11-22T22:01:01","modified_gmt":"2020-11-22T22:01:01","slug":"abda","status":"publish","type":"page","link":"https:\/\/otteveny.plebania.hu\/index.php\/templomaink\/abda\/","title":{"rendered":"Abda"},"content":{"rendered":"\n<p>C\u00edm: 9151 Abda, Szent Istv\u00e1n u. 10.<br>Templom titulusa: Szent J\u00f3zsef<br>B\u00facs\u00fanap: augusztus 20.<\/p>\n\n\n\n<!--more-->\n\n\n\n<h3>Pl\u00e9b\u00e1niai Tan\u00e1csad\u00f3 Test\u00fclet 2020-2025<\/h3>\n\n\n\n<figure class=\"wp-block-table\"><table><tbody><tr><td>&nbsp;<\/td><td>Bal\u00e1zs Ferenc<\/td><\/tr><tr><td>&nbsp;<\/td><td>Csig\u00f3 L\u00e1szl\u00f3<strong><em> aleln\u00f6k<\/em><\/strong><\/td><\/tr><tr><td>&nbsp;<\/td><td>Kozma S\u00e1ndorn\u00e9<strong><em> karit\u00e1sz felel\u0151s<\/em><\/strong><\/td><\/tr><tr><td>&nbsp;<\/td><td>Mark\u00f3 G\u00e1bor<strong><em> pl\u00e9b\u00e1niai gondnok<\/em><\/strong><\/td><\/tr><tr><td>&nbsp;<\/td><td>Mark\u00f3n\u00e9 Moln\u00e1r Mariann<\/td><\/tr><tr><td>&nbsp;<\/td><td>Morvay Henrik<\/td><\/tr><tr><td>&nbsp;<\/td><td>N\u00e9meth \u00c1kos<strong><em> p\u00e9nzt\u00e1ros<\/em><\/strong><\/td><\/tr><tr><td>&nbsp;<\/td><td>Pongr\u00e1czn\u00e9 Hodossy Erika<strong><em> kommunik\u00e1ci\u00f3s felel\u0151s<\/em><\/strong><\/td><\/tr><tr><td><strong>&nbsp;<\/strong><\/td><td>Saru Zsuzsanna<strong><em> sz\u00e1mvizsg\u00e1l\u00f3<\/em><\/strong><\/td><\/tr><tr><td>&nbsp;<\/td><td>Somogyi Gy\u00f6rgy<strong><em> templomatya (gondnok)<\/em><\/strong><\/td><\/tr><tr><td>&nbsp;<\/td><td>Szamosi Ferenc<strong><em> sz\u00e1mvizsg\u00e1l\u00f3<\/em><\/strong><\/td><\/tr><tr><td>&nbsp;<\/td><td>Szekeres Ferenc<\/td><\/tr><tr><td>&nbsp;<\/td><td>Sz\u0171cs Gyula<\/td><\/tr><tr><td>&nbsp;<\/td><td>Sz\u00fccs Tibor<strong><em> karit\u00e1sz felel\u0151s<\/em><\/strong><\/td><\/tr><tr><td>&nbsp;<\/td><td>Vir\u00e1gn\u00e9 Bertalan \u00c9va<strong><em> jegyz\u0151<\/em><\/strong><\/td><\/tr><\/tbody><\/table><\/figure>\n\n\n\n<h3>Templomunkr\u00f3l r\u00f6viden<\/h3>\n\n\n\n<div class=\"wp-block-image\"><figure class=\"alignright\"><a href=\"http:\/\/otteveny2.plebania.hu\/wp-content\/uploads\/2019\/08\/AbdaTemplom.jpg\"><img loading=\"lazy\" width=\"200\" height=\"300\" src=\"http:\/\/otteveny2.plebania.hu\/wp-content\/uploads\/2019\/08\/AbdaTemplomKis.jpg\" alt=\"\" class=\"wp-image-1736\"\/><\/a><\/figure><\/div>\n\n\n\n<p>Az abdai Szent J\u00f3zsef templom 1843-1845 k\u00f6z\u00f6tt \u00e9p\u00fclt klasszicista st\u00edlusban. Felszentel\u00e9se 1845. augusztus 20-\u00e1n t\u00f6rt\u00e9nt, a templom b\u00facs\u00faj\u00e1t a szok\u00e1sokt\u00f3l elt\u00e9r\u0151en nem a v\u00e9d\u0151szentj\u00e9nek &#8211; Szent J\u00f3zsefnek &#8211; a n\u00e9vnapj\u00e1n, hanem szentel\u00e9se \u00e9vfordul\u00f3j\u00e1n, augusztus 20-\u00e1n van.<br> A templom berendez\u00e9se 1840 k\u00f6r\u00fcli mell\u00e9kolt\u00e1rokb\u00f3l, sz\u00f3sz\u00e9kb\u0151l \u00e9s padokb\u00f3l \u00e1ll. A falfestm\u00e9nyeket Samodai J\u00f3zsef k\u00e9sz\u00edtette (befejezte Hertay M\u00e1ria).<br> A templom el\u0151tt a Szepl\u0151tlen Sz\u0171z M\u00e1ria 1700-b\u00f3l sz\u00e1rmaz\u00f3 k\u0151k\u00e9pe (szobra) \u00e1ll, a falu legr\u00e9gibb t\u00e1rgyi eml\u00e9ke. Felirata a k\u00f6vetkez\u0151: &#8220;A kuruc vil\u00e1gnak e jeles m\u0171ve egy k\u00f6zkaton\u00e1nak szerzem\u00e9nye. Az abdai helys\u00e9g nagybecs\u0171 kincse ide t\u00e9tetett az 1852-ik \u00e9vben Csap\u00f3 Ign\u00e1c lelk\u00e9szs\u00e9g\u00e9ben.&#8221; A latin nyelv\u0171 felirat szerint a szobrot Nuber Gy\u00f6rgy kuruc katona k\u00e9sz\u00edtette.<\/p>\n\n\n\n<p><em>(forr\u00e1s: <a href=\"http:\/\/www.abda.hu\/index.php\/abda\/helytortenet\">http:\/\/www.abda.hu\/index.php\/abda\/helytortenet<\/a>)<\/em><\/p>\n","protected":false},"excerpt":{"rendered":"<p>C\u00edm: 9151 Abda, Szent Istv\u00e1n u. 10.<br \/>Templom titulusa: Szent J\u00f3zsef<br \/>B\u00facs\u00fanap: augusztus 20.<\/p><p><a class=\"more-link btn\" href=\"https:\/\/otteveny.plebania.hu\/index.php\/templomaink\/abda\/\">Olvass tov\u00e1bb<\/a><\/p>\n","protected":false},"author":1,"featured_media":1736,"parent":1652,"menu_order":0,"comment_status":"closed","ping_status":"closed","template":"","meta":[],"_links":{"self":[{"href":"https:\/\/otteveny.plebania.hu\/index.php\/wp-json\/wp\/v2\/pages\/1741"}],"collection":[{"href":"https:\/\/otteveny.plebania.hu\/index.php\/wp-json\/wp\/v2\/pages"}],"about":[{"href":"https:\/\/otteveny.plebania.hu\/index.php\/wp-json\/wp\/v2\/types\/page"}],"author":[{"embeddable":true,"href":"https:\/\/otteveny.plebania.hu\/index.php\/wp-json\/wp\/v2\/users\/1"}],"replies":[{"embeddable":true,"href":"https:\/\/otteveny.plebania.hu\/index.php\/wp-json\/wp\/v2\/comments?post=1741"}],"version-history":[{"count":5,"href":"https:\/\/otteveny.plebania.hu\/index.php\/wp-json\/wp\/v2\/pages\/1741\/revisions"}],"predecessor-version":[{"id":3006,"href":"https:\/\/otteveny.plebania.hu\/index.php\/wp-json\/wp\/v2\/pages\/1741\/revisions\/3006"}],"up":[{"embeddable":true,"href":"https:\/\/otteveny.plebania.hu\/index.php\/wp-json\/wp\/v2\/pages\/1652"}],"wp:featuredmedia":[{"embeddable":true,"href":"https:\/\/otteveny.plebania.hu\/index.php\/wp-json\/wp\/v2\/media\/1736"}],"wp:attachment":[{"href":"https:\/\/otteveny.plebania.hu\/index.php\/wp-json\/wp\/v2\/media?parent=1741"}],"curies":[{"name":"wp","href":"https:\/\/api.w.org\/{rel}","templated":true}]}}