{"id":2809,"date":"2020-09-26T14:02:34","date_gmt":"2020-09-26T14:02:34","guid":{"rendered":"http:\/\/otteveny2.plebania.hu\/?page_id=2809"},"modified":"2022-01-06T07:44:58","modified_gmt":"2022-01-06T07:44:58","slug":"beszamolo-2019","status":"publish","type":"page","link":"https:\/\/otteveny.plebania.hu\/index.php\/karitasz\/beszamolo-2019\/","title":{"rendered":"Besz\u00e1mol\u00f3 a 2019. \u00e9vr\u0151l"},"content":{"rendered":"\n<ul><li>2019. \u00e1prilis 15-\u00e9n 5 telep\u00fcl\u00e9sr\u0151l (\u00d6ttev\u00e9ny, Abda, B\u00f6rcs, Ikr\u00e9ny, Kunsziget) t\u00f6bb mint 350 kg tart\u00f3s \u00e9lelmiszert gy\u0171jt\u00f6tt\u00fcnk \u00f6ssze.<\/li><li>Az \u00f6sszegy\u0171jt\u00f6tt \u00e9lelmiszereket 40 csal\u00e1dnak osztottuk sz\u00e9t: 9 csal\u00e1dnak \u00d6ttev\u00e9nyen, 10 csal\u00e1dnak Abd\u00e1n, 11 csal\u00e1dnak Ikr\u00e9nyben, 4 csal\u00e1dnak Kunszigeten, 5 csal\u00e1dnak B\u00f6rcs, illetve 1 csal\u00e1dnak V\u00e1mosszabadi telep\u00fcl\u00e9seken osztottunk sz\u00e9t, melyeket szem\u00e9lyesen, \u00f6nk\u00e9ntes seg\u00edt\u0151kkel minden lak\u00e1shoz kisz\u00e1ll\u00edtottunk.<\/li><li>2019. j\u00fanius 20-\u00e1n egy v\u00e1mosszabadi csal\u00e1dnak szekr\u00e9nyeket \u00e9s \u00fcl\u0151garnit\u00far\u00e1t sz\u00e1ll\u00edtottunk aj\u00e1nd\u00e9kk\u00e9nt. Az aj\u00e1nd\u00e9koz\u00f3 Gy\u0151r-M\u00e9nf\u0151csanaki lakos volt. A b\u00fatorokat az Egyh\u00e1zmegyei Karit\u00e1sz teheraut\u00f3j\u00e1val sz\u00e1ll\u00edtottuk V\u00e1mosszabadira.<\/li><li>Az \u00e9v folyam\u00e1n 1 abdai lak\u00f3nak j\u00falius 31-\u00e9n 30 eFt p\u00e9nzadom\u00e1nyt adtunk \u00e1t villamos aggreg\u00e1tor beszerz\u00e9s\u00e9re.<\/li><li>2019. december 15-\u00e9n 5 telep\u00fcl\u00e9sr\u0151l (\u00d6ttev\u00e9ny, Abda, B\u00f6rcs, Ikr\u00e9ny, Kunsziget) t\u00f6bb mint 280 kg tart\u00f3s \u00e9lelmiszert gy\u0171jt\u00f6tt\u00fcnk \u00f6ssze.<\/li><li>Az \u00f6sszegy\u0171jt\u00f6tt \u00e9lelmiszereket kar\u00e1csony el\u0151tt 43 csal\u00e1dnak osztottuk sz\u00e9t: 10 csal\u00e1dnak \u00d6ttev\u00e9nyen, 11 csal\u00e1dnak Abd\u00e1n, 11 csal\u00e1dnak Ikr\u00e9nyben, 6 csal\u00e1dnak Kunszigeten, 5 csal\u00e1dnak B\u00f6rcs, telep\u00fcl\u00e9seken<\/li><\/ul>\n\n\n\n<p><em>\u00d6ttev\u00e9ny, 2019 december 31. <\/em><\/p>\n\n\n\n<p class=\"has-text-align-right\">Kir\u00e1ly P\u00e9ter karit\u00e1sz vezet\u0151<\/p>\n","protected":false},"excerpt":{"rendered":"<li>2019. \u00e1prilis 15-\u00e9n 5 telep\u00fcl\u00e9sr\u0151l (\u00d6ttev\u00e9ny, Abda, B\u00f6rcs, Ikr\u00e9ny, Kunsziget) t\u00f6bb mint 350 kg tart\u00f3s \u00e9lelmiszert gy\u0171jt\u00f6tt\u00fcnk \u00f6ssze.<\/li>\n<li>Az \u00f6sszegy\u0171jt\u00f6tt \u00e9lelmiszereket 40 csal\u00e1dnak osztottuk sz\u00e9t: 9 csal\u00e1dnak \u00d6ttev\u00e9nyen, 10 csal\u00e1dnak Abd\u00e1n, 11 csal\u00e1dnak Ikr\u00e9nyben, 4 csal\u00e1dnak Kunszigeten, 5 csal\u00e1dnak B\u00f6rcs, illetve 1 csal\u00e1dnak V\u00e1mosszabadi telep\u00fcl\u00e9seken osztottunk sz\u00e9t, melyeket szem\u00e9lyesen, \u00f6nk\u00e9ntes seg\u00edt\u0151kkel minden lak\u00e1shoz kisz\u00e1ll\u00edtottunk.<\/li>\n<li>2019. j\u00fanius 20-\u00e1n &hellip;\n<p><a class=\"more-link btn\" href=\"https:\/\/otteveny.plebania.hu\/index.php\/karitasz\/beszamolo-2019\/\">Olvass tov\u00e1bb<\/a><\/p>\n<\/li>\n","protected":false},"author":1,"featured_media":0,"parent":1123,"menu_order":7,"comment_status":"closed","ping_status":"closed","template":"","meta":[],"_links":{"self":[{"href":"https:\/\/otteveny.plebania.hu\/index.php\/wp-json\/wp\/v2\/pages\/2809"}],"collection":[{"href":"https:\/\/otteveny.plebania.hu\/index.php\/wp-json\/wp\/v2\/pages"}],"about":[{"href":"https:\/\/otteveny.plebania.hu\/index.php\/wp-json\/wp\/v2\/types\/page"}],"author":[{"embeddable":true,"href":"https:\/\/otteveny.plebania.hu\/index.php\/wp-json\/wp\/v2\/users\/1"}],"replies":[{"embeddable":true,"href":"https:\/\/otteveny.plebania.hu\/index.php\/wp-json\/wp\/v2\/comments?post=2809"}],"version-history":[{"count":4,"href":"https:\/\/otteveny.plebania.hu\/index.php\/wp-json\/wp\/v2\/pages\/2809\/revisions"}],"predecessor-version":[{"id":4344,"href":"https:\/\/otteveny.plebania.hu\/index.php\/wp-json\/wp\/v2\/pages\/2809\/revisions\/4344"}],"up":[{"embeddable":true,"href":"https:\/\/otteveny.plebania.hu\/index.php\/wp-json\/wp\/v2\/pages\/1123"}],"wp:attachment":[{"href":"https:\/\/otteveny.plebania.hu\/index.php\/wp-json\/wp\/v2\/media?parent=2809"}],"curies":[{"name":"wp","href":"https:\/\/api.w.org\/{rel}","templated":true}]}}