{"id":3350,"date":"2021-03-28T11:54:15","date_gmt":"2021-03-28T11:54:15","guid":{"rendered":"http:\/\/otteveny2.plebania.hu\/?page_id=3350"},"modified":"2022-01-06T07:45:12","modified_gmt":"2022-01-06T07:45:12","slug":"beszamolo-2020","status":"publish","type":"page","link":"https:\/\/otteveny.plebania.hu\/index.php\/karitasz\/beszamolo-2020\/","title":{"rendered":"Besz\u00e1mol\u00f3 a 2020. \u00e9vr\u0151l"},"content":{"rendered":"\n<ul><li>2020. augusztus 23-\u00e1n 5 doboz tart\u00f3s \u00e9lelmiszercsomagot osztottunk ki 2 \u00f6ttev\u00e9nyi \u00e9s 3 abdai csal\u00e1dnak. (Egyh\u00e1zmegyei Karit\u00e1sz)<\/li><li>2020.  szeptember 30-\u00e1n 10 doboz tart\u00f3s \u00e9lelmiszercsomagot osztottunk ki 5 abdai, 2 ikr\u00e9nyi, 3 \u00f6ttev\u00e9nyi csal\u00e1dnak. (Egyh\u00e1zmegyei Karit\u00e1sz)<\/li><li>2020. okt\u00f3ber 5-\u00e9n 5 \u00f6ttev\u00e9nyi csal\u00e1d kapott 5000-5000 Ft-os Tesco v\u00e1s\u00e1rl\u00e1si utalv\u00e1nyt iskolakezd\u00e9si t\u00e1mogat\u00e1sk\u00e9nt (Egyh\u00e1zmegyei Karit\u00e1sz)<\/li><li>2020. december 5-\u00e9n 9 doboz tart\u00f3s \u00e9lelmiszercsomagot osztottunk ki 6 abdai, 1 \u00f6ttev\u00e9nyi,1 ikr\u00e9nyi, 1 b\u00f6rcsi csal\u00e1dnak. (Egyh\u00e1zmegyei Karit\u00e1sz)<\/li><li>2020. december 6-\u00e1n 2 komplett asztali sz\u00e1m\u00edt\u00f3g\u00e9pet kaptunk egy \u00f6ttev\u00e9nyi v\u00e1llalkoz\u00f3t\u00f3l, melyeket a felmer\u00fclt ig\u00e9nyekhez igazodva osztunk ki.<\/li><li>2020. december 19-\u00e9n 31 \u00e9lelmiszert csomag ker\u00fclt kioszt\u00e1sra 6 abdai, 6 ikr\u00e9nyi, 11 \u00f6ttev\u00e9nyi, 4 b\u00f6rcsi, 4 kunszigeti csal\u00e1dnak. (\u00f6t egyh\u00e1zk\u00f6zs\u00e9g \u00e9v v\u00e9gi gy\u0171jt\u00e9se)<\/li><\/ul>\n\n\n\n<p>Az eg\u00e9sz \u00e9v folyam\u00e1n 55 csal\u00e1dhoz juttattunk el \u00e9lelmiszercsomagot \u00e9s 5 csal\u00e1d kapott iskolakezd\u00e9si t\u00e1mogat\u00e1st<\/p>\n\n\n\n<p><em>\u00d6ttev\u00e9ny, 2020. december 25. <\/em><\/p>\n\n\n\n<p class=\"has-text-align-right\">Kir\u00e1ly P\u00e9ter<\/p>\n","protected":false},"excerpt":{"rendered":"<li>2020. augusztus 23-\u00e1n 5 doboz tart\u00f3s \u00e9lelmiszercsomagot osztottunk ki 2 \u00f6ttev\u00e9nyi \u00e9s 3 abdai csal\u00e1dnak. (Egyh\u00e1zmegyei Karit\u00e1sz)<\/li>\n<li>2020. szeptember 30-\u00e1n 10 doboz tart\u00f3s \u00e9lelmiszercsomagot osztottunk ki 5 abdai, 2 ikr\u00e9nyi, 3 \u00f6ttev\u00e9nyi csal\u00e1dnak. (Egyh\u00e1zmegyei Karit\u00e1sz)<\/li>\n<li>2020. okt\u00f3ber 5-\u00e9n 5 \u00f6ttev\u00e9nyi csal\u00e1d kapott 5000-5000 Ft-os Tesco v\u00e1s\u00e1rl\u00e1si utalv\u00e1nyt iskolakezd\u00e9si t\u00e1mogat\u00e1sk\u00e9nt (Egyh\u00e1zmegyei Karit\u00e1sz)<\/li>\n<li>2020. december 5-\u00e9n 9 doboz tart\u00f3s \u00e9lelmiszercsomagot &hellip;\n<p><a class=\"more-link btn\" href=\"https:\/\/otteveny.plebania.hu\/index.php\/karitasz\/beszamolo-2020\/\">Olvass tov\u00e1bb<\/a><\/p>\n<\/li>\n","protected":false},"author":1,"featured_media":0,"parent":1123,"menu_order":8,"comment_status":"closed","ping_status":"closed","template":"","meta":[],"_links":{"self":[{"href":"https:\/\/otteveny.plebania.hu\/index.php\/wp-json\/wp\/v2\/pages\/3350"}],"collection":[{"href":"https:\/\/otteveny.plebania.hu\/index.php\/wp-json\/wp\/v2\/pages"}],"about":[{"href":"https:\/\/otteveny.plebania.hu\/index.php\/wp-json\/wp\/v2\/types\/page"}],"author":[{"embeddable":true,"href":"https:\/\/otteveny.plebania.hu\/index.php\/wp-json\/wp\/v2\/users\/1"}],"replies":[{"embeddable":true,"href":"https:\/\/otteveny.plebania.hu\/index.php\/wp-json\/wp\/v2\/comments?post=3350"}],"version-history":[{"count":5,"href":"https:\/\/otteveny.plebania.hu\/index.php\/wp-json\/wp\/v2\/pages\/3350\/revisions"}],"predecessor-version":[{"id":4345,"href":"https:\/\/otteveny.plebania.hu\/index.php\/wp-json\/wp\/v2\/pages\/3350\/revisions\/4345"}],"up":[{"embeddable":true,"href":"https:\/\/otteveny.plebania.hu\/index.php\/wp-json\/wp\/v2\/pages\/1123"}],"wp:attachment":[{"href":"https:\/\/otteveny.plebania.hu\/index.php\/wp-json\/wp\/v2\/media?parent=3350"}],"curies":[{"name":"wp","href":"https:\/\/api.w.org\/{rel}","templated":true}]}}