{"id":4014,"date":"2021-10-31T19:40:51","date_gmt":"2021-10-31T19:40:51","guid":{"rendered":"http:\/\/otteveny2.plebania.hu\/?page_id=4014"},"modified":"2021-10-31T19:45:56","modified_gmt":"2021-10-31T19:45:56","slug":"szent-bertalan-templomunk-es-falunk-vedoszentje","status":"publish","type":"page","link":"https:\/\/otteveny.plebania.hu\/index.php\/szent-bertalan-templomunk-es-falunk-vedoszentje\/","title":{"rendered":"Szent Bertalan, templomunk \u00e9s falunk v\u00e9d\u0151szentje"},"content":{"rendered":"\n<p>Szent Bertalan a tizenk\u00e9t apostol egyike. Keveset, de \u00e9ppen eleget tudunk r\u00f3la ahhoz, hogy meg\u00e9rts\u00fck, mi\u00e9rt volt mindig is olyan kedvelt \u00e9s szeretett szentje az Egyh\u00e1znak. Hiszen az, hogy templomtitulusok, csal\u00e1dnevek \u0151rzik a nev\u00e9t, \u00e9s hogy az eg\u00e9sz k\u00f6z\u00e9pkoron \u00e1t, majd pedig id\u0151nk\u00e9nt k\u00e9s\u0151bb is nagyon gyakori volt a Bertalan a keresztn\u00e9vad\u00e1sban, tov\u00e1bb\u00e1 hogy sok legenda \u00e9lt \u00e9s \u00e9l vele kapcsolatban eg\u00e9szen napjainkig a magyar \u00e9s az egyetemes hagyom\u00e1nyban, ezek a t\u00e9nyek mind azt bizony\u00edtj\u00e1k, hogy szeretett, kedvelt ismert szent volt.<\/p>\n\n\n\n<p>A Bibli\u00e1ban M\u00e1t\u00e9, M\u00e1rk \u00e9s Luk\u00e1cs Evang\u00e9lium\u00e1ban, valamint az Apostolok Cselekedeteiben csak a neve ker\u00fcl el\u0151, m\u00e1st nem tudunk meg r\u00f3la (Mt 10,3; Mk 3,18; Lk 6,14; ApCsel 1,13). Viszont J\u00e1nos Evang\u00e9lium\u00e1ban (Jn 1, 45-51) mond h\u00e1rom mondatot. Nem sok, de \u00e9ppen el\u00e9g, hogy megismerj\u00fck a jellem\u00e9t, a hit\u00e9t. \u00c9ppen el\u00e9g ez a p\u00e1r mondat, hogy mainak, k\u00f6z\u00fcl\u00fcnk val\u00f3nak \u00e9rezhess\u00fck \u0151t. J\u00e1nos Evang\u00e9lium\u00e1ban az \u00e1ll r\u00f3la, hogy amikor J\u00e9zus megkezdi m\u0171k\u00f6d\u00e9s\u00e9t, \u00e9s kiv\u00e1lasztja a 12 apostolt, akkor \u0151 lesz az 5. kiv\u00e1lasztott. J\u00e1nos Natanael n\u00e9ven eml\u00edti, amit a Biblia-kutat\u00f3k \u00fagy \u00e9rtelmeznek, mintha a mi fogalmaink szerinti keresztn\u00e9v lenne, a Bertalan pedig &#8211; szint\u00e9n a mi fogalmaink szerint \u2013 a csal\u00e1dn\u00e9vnek felel meg: Talmai fia (ar\u00e1mi nyelven Bar-Talmaj). A neve F\u00fcl\u00f6p\u00e9 mellett szokott el\u0151fordulni, hiszen \u0151 h\u00edvja J\u00e9zus k\u00f6vet\u00e9s\u00e9re. Ezt mondja neki F\u00fcl\u00f6p: \u201eMegtal\u00e1ltuk, akir\u0151l M\u00f3zes t\u00f6rv\u00e9nye \u00e9s a pr\u00f3f\u00e9t\u00e1k \u00edrnak, a n\u00e1z\u00e1reti J\u00e9zust, J\u00f3zsefnek a fi\u00e1t.\u201d Mit mond erre Bertalan: \u201eJ\u00f6het valami j\u00f3 N\u00e1z\u00e1retb\u0151l?\u201d \u201eGyere \u00e9s gy\u0151z\u0151dj\u00e9l meg r\u00f3la!\u201d \u2013 v\u00e1laszolja F\u00fcl\u00f6p. Bertalan nem k\u00e9reti mag\u00e1t, hanem elindul, hogy \u0151 maga gy\u0151z\u0151dj\u00f6n meg a F\u00fcl\u00f6pt\u0151l hallott h\u00edr igazs\u00e1g\u00e1r\u00f3l. \u00c9s amikor J\u00e9zus megl\u00e1tta Natanaelt, azaz Bertalant, \u00edgy sz\u00f3lt: \u201eL\u00e1m, egy igaz izraelita, akiben nincs semmi \u00e1lnoks\u00e1g.\u201d Bertalan erre csod\u00e1lkozva teszi fel a k\u00e9rd\u00e9st \u201eHonn\u00e9t ismersz?\u201d J\u00e9zus \u00edgy v\u00e1laszolt: \u201eMiel\u0151tt F\u00fcl\u00f6p h\u00edvott volna, l\u00e1ttalak, a f\u00fcgefa alatt volt\u00e1l.\u201d Natanael erre felki\u00e1ltott: \u201eRabbi (azaz: Mester), te vagy az Isten Fia, te vagy Izrael kir\u00e1lya!\u201d J\u00e9zus ezt felelte neki: \u201eMivel megmondtam, hogy l\u00e1ttalak a f\u00fcgefa alatt, hiszel. De nagyobb dolgokat is fogsz m\u00e9g l\u00e1tni.\u201d Ennyi, ami a Bibli\u00e1ban Bertalan szem\u00e9ly\u00e9r\u0151l kider\u00fcl. Azon el kell gondolkodnunk, hogy nem sokszor tal\u00e1ljuk le\u00edrva a Bibli\u00e1ban, hogy igaz ember, k\u00e9tsz\u00edn\u0171s\u00e9gt\u0151l, \u00e1lnoks\u00e1gt\u00f3l mentes. Tal\u00e1n csak Szent J\u00f3zsefr\u0151l \u00edrja m\u00e9g Biblia ezeket a szavakat. \u00cdgy mondhatjuk, hogy Szent Bertalan kiv\u00e9teles szem\u00e9lyis\u00e9g.<\/p>\n\n\n\n<p>Az apostolnak csup\u00e1n ezt a h\u00e1rom mondat\u00e1t ismerj\u00fck \u00e9s J\u00e9zus v\u00e1laszmondatait, de ezek a le\u00edrt mondatok rendk\u00edv\u00fcl sokat el\u00e1rulnak Bertalan gondolkod\u00e1s\u00e1r\u00f3l. Azt l\u00e1tjuk, hogy el\u0151sz\u00f6r k\u00e9telkedik, el\u0151\u00edt\u00e9letesen gondolkodik, \u00fagy fogadja F\u00fcl\u00f6p boldog ujjong\u00e1s\u00e1t, ahogy mi magunk is szoktuk az ismeretlent, a nagyon szokatlant, a szokatlanul j\u00f3 h\u00edrt fogadni. Hiszen az a kialakult v\u00e9lem\u00e9ny, hogy N\u00e1z\u00e1ret olyan hely, ahol nem a legjobb dolgok t\u00f6rt\u00e9nnek, nem a legkiv\u00e1l\u00f3bb emberek sz\u00e1rmaznak onnan, teh\u00e1t, aki n\u00e1z\u00e1reti, az nem lehet t\u00f6bb, k\u00fcl\u00f6nb, mint m\u00e1s. De F\u00fcl\u00f6p h\u00edvja, \u00e9s \u0151 nem ellenkezik, hanem megy, hogy meggy\u0151z\u0151dj\u00f6n bar\u00e1tja \u00e1ll\u00edt\u00e1s\u00e1r\u00f3l. Tiszteletre m\u00e9lt\u00f3 \u00e9s k\u00f6vet\u00e9sre \u00e9rdemes magatart\u00e1s, hogy indul, mert saj\u00e1t szem\u00e9vel akarja l\u00e1tni azt, akir\u0151l a h\u00edrt hallotta, saj\u00e1t tapasztalata alapj\u00e1n akar v\u00e9lem\u00e9nyt alkotni. Nem ragaszkodik az el\u0151\u00edt\u00e9letekhez, veszi a f\u00e1rads\u00e1got, hogy kider\u00edthesse az igazs\u00e1got. Azt\u00e1n J\u00e9zus mondat\u00e1n elcsod\u00e1lkozik, elk\u00e9ped: honnan ismeri \u0151t a N\u00e1z\u00e1reti? \u00c9s amikor a v\u00e1laszt meghallja, m\u00e1r meg is sz\u0171nt benne minden el\u0151\u00edt\u00e9let, minden k\u00e9ts\u00e9g, hittel, meggy\u0151z\u0151d\u00e9ssel J\u00e9zus k\u00f6vet\u0151je lesz. Mert J\u00e9zus a sz\u00edv\u00e9be l\u00e1tott, olyat tud r\u00f3la, amely csak saj\u00e1t maga \u00e9s J\u00e9zus sz\u00e1m\u00e1ra nyilv\u00e1nval\u00f3. \u00c9s ez meggy\u0151zte \u0151t.<\/p>\n\n\n\n<p>Bertalan apostol ott van J\u00e9zus mennybemenetel\u00e9n\u00e9l is (ApCsel 1,13). Majd azt k\u00f6vet\u0151en \u2013 ez m\u00e1r nem a Bibli\u00e1b\u00f3l, hanem a nem kanoniz\u00e1lt iratok \u00e9s a hagyom\u00e1ny alapj\u00e1n ismert \u2013 Indi\u00e1ban, azt\u00e1n \u00d6rm\u00e9nyorsz\u00e1gban hirdette az \u00d6r\u00f6mh\u00edrt. Albanopoliszban halt m\u00e1rt\u00edrhal\u00e1lt, ahol a kir\u00e1ly parancs\u00e1ra kiv\u00e9gezt\u00e9k, mivel a kir\u00e1ly testv\u00e9r\u00e9t megt\u00e9r\u00edtette, annak le\u00e1ny\u00e1t pedig meggy\u00f3gy\u00edtotta.<\/p>\n\n\n\n<p>Az apokrif iratok \u00e9s a k\u00f6z\u00e9pkori Legenda Aurea szerint, amikor Bertalan apostol bel\u00e9pett egy templomba, amelyben egy gy\u00f3gy\u00edt\u00f3 b\u00e1lv\u00e1ny el\u0151tt \u00e1ldoztak a gy\u00f3gyul\u00e1st rem\u00e9l\u0151 emberek, a b\u00e1lv\u00e1ny \u00edgy ki\u00e1ltott: ,,Ti szeg\u00e9nyek, hagyj\u00e1tok az \u00e1ldozatot, \u00e9s ne aj\u00e1nlj\u00e1tok fel nekem, nehogy az \u00e9n szenved\u00e9semb\u0151l is r\u00e9szt kapjatok, mivel Bertalan l\u00e1nca megk\u00f6t\u00f6z engem!&#8221;, s e szavak ut\u00e1n ezer darabra t\u00f6rt. Az apostol pedig im\u00e1ds\u00e1g\u00e1val meggy\u00f3gy\u00edtotta az ott \u00f6sszegy\u0171lt betegeket. \u00datja k\u00f6zben el\u00e9rt Polinius kir\u00e1lyhoz is, akinek a le\u00e1nya lelki beteg volt. Meggy\u00f3gy\u00edtotta, majd hirdette a kir\u00e1lynak az Evang\u00e9liumot, \u00fagyhogy az megt\u00e9rt, eg\u00e9sz h\u00e1za n\u00e9p\u00e9vel egy\u00fctt megkeresztelkedett, s\u0151t k\u00e9s\u0151bb p\u00fcsp\u00f6ki tiszts\u00e9get is viselt az Egyh\u00e1zban. Meghallotta ezt Polinius testv\u00e9re, \u00e9s elfogatta Bertalant. Ezekkel a szavakkal t\u00e1madt r\u00e1: ,,Te vagy az, aki megt\u00e9vesztette a testv\u00e9remet?&#8221; Bertalan \u00edgy v\u00e1laszolt:,,\u00c9n nem megt\u00e9vesztettem, hanem megt\u00e9r\u00edtettem!&#8221; Akkor a kir\u00e1ly esk\u00fcvel fogadta, hogy k\u00e9nyszer\u00edteni fogja, \u00e1ldozzon Baldach b\u00e1lv\u00e1ny\u00e1nak. Bertalan azonban \u00edgy tagadta meg a parancsot: ,,\u00c9n megk\u00f6t\u00f6ztem a te istenedet; ha te megteszed ugyanezt az \u00e9n Istenemmel, akkor teljes\u00edtem parancsodat. Ha nem, akkor \u00f6sszet\u00f6r\u00f6m Baldach k\u00e9p\u00e9t.&#8221; Nem sokkal ezut\u00e1n j\u00f6tt egy h\u00edrn\u00f6k, \u00e9s jelentette, hogy Baldach k\u00e9pe \u00f6sszet\u00f6rve fekszik a templom\u00e1ban. Erre a kir\u00e1ly megszaggatta a ruh\u00e1j\u00e1t, Bertalant megvessz\u0151ztette, majd megparancsolta, hogy elevenen ny\u00fazz\u00e1k meg. Mikor megt\u00f6rt\u00e9nt, keresztre fesz\u00edtett\u00e9k, majd lefejezt\u00e9k. Miut\u00e1n meghalt, hogy v\u00e9gleg megszabaduljanak az apostolt\u00f3l, kopors\u00f3ba z\u00e1rt\u00e1k a test\u00e9t, majd n\u00e9gy m\u00e1sik v\u00e9rtan\u00fa kopors\u00f3j\u00e1val egy\u00fctt a tengerre tett\u00e9k, hogy a v\u00edz sodorja el \u0151ket. \u00cdgy \u00e9rtek partot az apostol szent maradv\u00e1nyai Lipari sziget\u00e9n. A keleti hagyom\u00e1ny szerint keresztre fesz\u00edtett\u00e9k, a nyugati legend\u00e1k viszont azt mondj\u00e1k el, hogy elevenen megny\u00fazt\u00e1k, majd lefejezt\u00e9k. \u00cdgy lett a Szent attributuma a nyugati kereszt\u00e9nys\u00e9gben a k\u00e9s, de \u00e1br\u00e1zolj\u00e1k k\u00f6nyvvel, tekerccsel is (ahogy az apostolokat szokt\u00e1k), s\u0151t \u00fagy is, hogy leny\u00fazott b\u0151r\u00e9t a kez\u00e9ben tartja. Templomunk olt\u00e1rk\u00e9p\u00e9n k\u00e9ssel \u00e1br\u00e1zolta \u0151t a fest\u0151.<\/p>\n\n\n\n<p>Szent Bertalan apostol erekly\u00e9i a 6. sz\u00e1zadban Lipari sziget\u00e9re ker\u00fcltek (a mai Olaszorsz\u00e1g nyugati fel\u00e9n van), majd a 10. sz\u00e1zadban I. Ott\u00f3 n\u00e9met-r\u00f3mai cs\u00e1sz\u00e1r parancs\u00e1ra R\u00f3m\u00e1ba. A Tiberis sziget\u00e9n Bertalan tisztelet\u00e9re \u00e9p\u00edtett \u00faj templomba vitt\u00e9k (itt \u00e1llt kor\u00e1bban egy pog\u00e1ny r\u00f3mai templom), ahol a gy\u00f3gy\u00edt\u00e1s szentjek\u00e9nt tisztelt\u00e9k. A koponyaerekly\u00e9je a 13. sz\u00e1zad \u00f3ta a frankfurti d\u00f3mban tal\u00e1lhat\u00f3 (Di\u00f3s Istv\u00e1n: A szentek \u00e9lete. <a href=\"https:\/\/archiv.katolikus.hu\/szentek\/index.html\" target=\"_blank\" rel=\"noreferrer noopener\">https:\/\/archiv.katolikus.hu\/szentek\/index.html<\/a>).<\/p>\n\n\n\n<p>\u00dcnnepnapja t\u00f6bb v\u00e1ltoz\u00e1s ut\u00e1n a 16. sz\u00e1zadt\u00f3l augusztus 24-\u00e9n v\u00e9gleges\u00fclt.<\/p>\n\n\n\n<p>B\u00e1lint S\u00e1ndor \u00dcnnepi kalend\u00e1rium\u00e1ban tal\u00e1lunk p\u00e9ld\u00e1kat arra, hogy a k\u00f6z\u00e9pkort\u00f3l eg\u00e9szen m\u00e1ig sok hagyom\u00e1ny kapcsol\u00f3dik Szent Bertalan szem\u00e9ly\u00e9hez. Sokf\u00e9le tev\u00e9kenys\u00e9gnek a v\u00e9d\u0151szentje, \u00edgy a b\u0151rrel kapcsolatos foglalkoz\u00e1s\u00faak\u00e9: sz\u0171cs\u00f6k\u00e9, t\u00edm\u00e1rok\u00e9, keszty\u0171k\u00e9sz\u00edt\u0151k\u00e9, csizmadi\u00e1k\u00e9, varg\u00e1k\u00e9, m\u00e9sz\u00e1rosok\u00e9. Tov\u00e1bb\u00e1 mivel az \u00fcnnepnapja augusztus v\u00e9ge, azaz az \u0151sz kezdete, \u00edgy a sz\u0151l\u0151hegyek, a p\u00e1sztorok, a f\u00f6ldm\u0171vesek v\u00e9d\u0151szentje is. Gy\u00f3gy\u00edt\u00f3 tev\u00e9kenys\u00e9ge folyt\u00e1n az \u00f6rd\u00f6g\u0171z\u00e9s, az idegess\u00e9gben szenved\u0151k v\u00e9delmez\u0151je is. M\u00e9g id\u0151j\u00e1r\u00e1s j\u00f3sl\u00f3 napnak is tekintik az \u00fcnnep\u00e9t: amilyen Bertalan napj\u00e1n az id\u0151, olyan lesz az \u0151sz. \u0150szkezd\u0151 nap, a n\u00e9pi megfigyel\u00e9s szerint Bertalannal elillan a ny\u00e1r.<\/p>\n\n\n\n<p>A k\u00f6z\u00e9pkorban sok, az\u00f3ta elpusztult templomot szenteltek Szent Bertalan tisztelet\u00e9re (ahogy akkoriban jellemz\u0151 volt az apostolokat v\u00e9d\u0151szent\u00fcl v\u00e1lasztani). Ez igaz a mi b\u00f6rcsi templomunkra is, hiszen \u00edrott forr\u00e1sok er\u0151s\u00edtik meg, hogy a telep\u00fcl\u00e9s els\u0151, \u00e1rp\u00e1d-kori k\u00e1poln\u00e1ja is az apostol tisztelet\u00e9re volt felszentelve (<a href=\"http:\/\/www.borcs.hu\/borcs-a-mi-telepulesunk\/telepules-tortenet\" target=\"_blank\" rel=\"noreferrer noopener\">http:\/\/www.borcs.hu\/borcs-a-mi-telepulesunk\/telepules-tortenet<\/a>). Ezt a titulus azt\u00e1n mind a k\u00f6z\u00e9pkori, mind pedig az 1834-ben \u00e9p\u00edtett, \u00e9s ma is megl\u00e9v\u0151 templomra is \u00e1t\u00f6r\u00f6kl\u0151d\u00f6tt.<\/p>\n\n\n\n<p>A jelenlegi Gy\u0151ri Egyh\u00e1zmegy\u00e9ben kev\u00e9s a Szent Bertalan titulus\u00fa templom, B\u00f6rcs mellett m\u00e9g Hegyeshalom \u00e9s Magl\u00f3ca telep\u00fcl\u00e9sek v\u00e9d\u0151szentje a v\u00e9rtan\u00fa apostol. Az orsz\u00e1g m\u00e1s ter\u00fclet\u00e9r\u0151l j\u00f3l ismert Gy\u00f6ngy\u00f6s Szent Bertalan temploma, ezen k\u00edv\u00fcl akad m\u00e9g n\u00e9h\u00e1ny kisebb telep\u00fcl\u00e9s, ahol szint\u00e9n Bertalan apostol a templom v\u00e9d\u0151szentje: Bakonyb\u00e1nk (Veszpr\u00e9m m.), Muraszemenye (Zala m.), R\u00e1ksi (Somogy m.), Geresdlak (Baranya m.), Aparhant (Tolna m.). \u00c9s meg kell eml\u00edteni, hogy a k\u00f6z\u00e9pkorban P\u00e9cs f\u0151ter\u00e9n ugyancsak \u00e1llt egy Szent Bertalannak szentelt templom, amely a t\u00f6r\u00f6k korban elpusztult \u00e9s a k\u00f6veib\u0151l \u00e9p\u00fclt fel Kaszim pasa dzs\u00e1mija. Ez a t\u00f6r\u00f6k ki\u0171z\u00e9se ut\u00e1n ism\u00e9t katolikus templom lett, de m\u00e1r Gyertyaszentel\u0151 Boldogasszony tisztelet\u00e9re szentelt\u00e9k. A k\u00e9tezres \u00e9vek elej\u00e9n viszont a templom mellett fel\u00e9p\u00edtett\u00e9k a Szent Bertalan harangtornyot. \u00cdgy a hagyom\u00e1ny fenntartja az apostol tisztelet\u00e9t, s\u0151t legend\u00e1ja is eleven, a p\u00e9csi sz\u0151l\u0151kben lev\u0151 Szent Bertalan k\u00e1polna folyt\u00e1n.<\/p>\n\n\n\n<p>Kegyetlen m\u00e1rt\u00edrhal\u00e1la a m\u0171v\u00e9szeket sokszor megihlette. Mind a fest\u00e9szetben, mind pedig a szobr\u00e1szatban az apostol alakja, de f\u0151k\u00e9nt v\u00e9rtan\u00fas\u00e1ga, gyakran t\u00e9m\u00e1ja a m\u0171alkot\u00e1soknak.<\/p>\n\n\n\n<p>A b\u00f6rcsi templom olt\u00e1rk\u00e9pe sz\u00e9p, m\u00edves m\u0171v\u00e9szi alkot\u00e1s, ahol a fest\u0151 visszafogottan utal az apostol m\u00e1rt\u00edroms\u00e1g\u00e1ra: ny\u00fajtja a kez\u00e9t, ott van m\u00e1r az oszlop l\u00e1b\u00e1n\u00e1l a k\u00e9s, \u00e9s m\u00e1r ott l\u00e1tjuk az angyalt, a v\u00e9rtan\u00fas\u00e1got jelz\u0151 p\u00e1lma\u00e1ggal.<\/p>\n\n\n\n<div class=\"wp-block-image\"><figure class=\"aligncenter size-full\"><img loading=\"lazy\" width=\"554\" height=\"912\" src=\"http:\/\/otteveny2.plebania.hu\/wp-content\/uploads\/2021\/10\/Bertalan01.jpg\" alt=\"\" class=\"wp-image-4016\"\/><\/figure><\/div>\n\n\n\n<p>A legh\u00edresebb Szent Bertalan \u00e1br\u00e1zol\u00e1s a Sixtus-k\u00e1poln\u00e1ban tal\u00e1lhat\u00f3, a Michelangelo \u00e1ltal festett Utols\u00f3 \u00edt\u00e9leten. A sz\u00e1jhagyom\u00e1nyban \u00fagy maradt fenn, hogy a m\u0171v\u00e9sz a saj\u00e1t arck\u00e9p\u00e9t festette r\u00e1 Szent Bertalan arcb\u0151r\u00e9re.<\/p>\n\n\n\n<div class=\"wp-block-image\"><figure class=\"aligncenter size-full\"><img loading=\"lazy\" width=\"236\" height=\"413\" src=\"http:\/\/otteveny2.plebania.hu\/wp-content\/uploads\/2021\/10\/Bertalan02.jpg\" alt=\"\" class=\"wp-image-4017\"\/><\/figure><\/div>\n\n\n\n<p class=\"has-text-align-right\"><em>(<a href=\"https:\/\/www.adorans.hu\/node\/1138\" target=\"_blank\" rel=\"noreferrer noopener\">https:\/\/www.adorans.hu\/node\/1138<\/a>)<\/em><\/p>\n\n\n\n<p>Pietro Perugino festm\u00e9nye az apostols\u00e1got jelz\u0151 k\u00f6nyvvel \u00e9s a m\u00e1rt\u00edrs\u00e1gra utal\u00f3 k\u00e9ssel \u00e1br\u00e1zolja Szent Bertalant.<\/p>\n\n\n\n<div class=\"wp-block-image\"><figure class=\"aligncenter size-full\"><img loading=\"lazy\" width=\"244\" height=\"300\" src=\"http:\/\/otteveny2.plebania.hu\/wp-content\/uploads\/2021\/10\/Bertalan03.jpg\" alt=\"\" class=\"wp-image-4018\"\/><\/figure><\/div>\n\n\n\n<p class=\"has-text-align-right\"><em>(<a rel=\"noreferrer noopener\" href=\"https:\/\/hu.wikipedia.org\/wiki\/Bertalan_apostol\" target=\"_blank\">https:\/\/hu.wikipedia.org\/wiki\/Bertalan_apostol<\/a>)<\/em><\/p>\n\n\n\n<p>Giovanni Battista Tiepolo festm\u00e9nye a m\u00e1rt\u00edroms\u00e1g el\u0151tti pillanatokat ragadta meg<\/p>\n\n\n\n<div class=\"wp-block-image\"><figure class=\"aligncenter size-full\"><img loading=\"lazy\" width=\"242\" height=\"292\" src=\"http:\/\/otteveny2.plebania.hu\/wp-content\/uploads\/2021\/10\/Bertalan04.jpg\" alt=\"\" class=\"wp-image-4019\"\/><\/figure><\/div>\n\n\n\n<p class=\"has-text-align-right\"><em>(<a rel=\"noreferrer noopener\" href=\"https:\/\/www.adorans.hu\/node\/11594\" target=\"_blank\">https:\/\/www.adorans.hu\/node\/11594<\/a>)<\/em><\/p>\n\n\n\n<p>Eg\u00e9szen naturalista \u00e1br\u00e1zol\u00e1st v\u00e1lasztott Matteo di Giovanni sienai fest\u0151. Szent Bertalan \u00e1ll a k\u00e9pen, v\u00e1ll\u00e1n, karj\u00e1n a leny\u00fazott b\u0151re. A festm\u00e9ny a Sz\u00e9pm\u0171v\u00e9szeti M\u00fazeumban megtekinthet\u0151.<\/p>\n\n\n\n<div class=\"wp-block-image\"><figure class=\"aligncenter size-full\"><img loading=\"lazy\" width=\"240\" height=\"401\" src=\"http:\/\/otteveny2.plebania.hu\/wp-content\/uploads\/2021\/10\/Bertalan05.jpg\" alt=\"\" class=\"wp-image-4020\"\/><\/figure><\/div>\n\n\n\n<p class=\"has-text-align-right\"><em>(<a href=\"https:\/\/www.magyarkurir.hu\/hirek\/szent-bertalan-apostol2\" target=\"_blank\" rel=\"noreferrer noopener\">https:\/\/www.magyarkurir.hu\/hirek\/szent-bertalan-apostol2<\/a>)<\/em><\/p>\n\n\n\n<p>Jose de Ribera, a spanyol barokk h\u00edres m\u0171v\u00e9sze, szint\u00e9n teljes naturalizmus\u00e1ban ragadja meg a m\u00e1rt\u00edroms\u00e1g jelenet\u00e9t.<\/p>\n\n\n\n<div class=\"wp-block-image\"><figure class=\"aligncenter size-full\"><img loading=\"lazy\" width=\"596\" height=\"633\" src=\"http:\/\/otteveny2.plebania.hu\/wp-content\/uploads\/2021\/10\/Bertalan06.jpg\" alt=\"\" class=\"wp-image-4021\"\/><\/figure><\/div>\n\n\n\n<p class=\"has-text-align-right\"><em>(<a rel=\"noreferrer noopener\" href=\"https:\/\/www.adorans.hu\/node\/11598\" target=\"_blank\">https:\/\/www.adorans.hu\/node\/11598<\/a>)<\/em><\/p>\n\n\n\n<p>Rembrandt Szent Bertalanja egy gondolkod\u00f3 egyszer\u0171 ember, csak a kez\u00e9ben lev\u0151 k\u00e9s \u00e1rulja el, kir\u0151l is sz\u00f3l a k\u00e9p.<\/p>\n\n\n\n<div class=\"wp-block-image\"><figure class=\"aligncenter size-full\"><img loading=\"lazy\" width=\"591\" height=\"682\" src=\"http:\/\/otteveny2.plebania.hu\/wp-content\/uploads\/2021\/10\/Bertalan07.jpg\" alt=\"\" class=\"wp-image-4022\"\/><\/figure><\/div>\n\n\n\n<p class=\"has-text-align-right\"><em>(<a rel=\"noreferrer noopener\" href=\"https:\/\/www.magyarkurir.hu\/hirek\/szent-bertalan-apostol2\" target=\"_blank\">https:\/\/www.magyarkurir.hu\/hirek\/szent-bertalan-apostol2<\/a>)<\/em><br><\/p>\n\n\n\n<p class=\"has-text-align-left\">Marco d\u2019Agrate szobra b\u0151r n\u00e9lk\u00fcl \u00e1br\u00e1zolja Szent Bertalant. A szobor a mil\u00e1n\u00f3i d\u00f3mban tal\u00e1lhat\u00f3.<\/p>\n\n\n\n<div class=\"wp-block-image\"><figure class=\"aligncenter size-full\"><img loading=\"lazy\" width=\"548\" height=\"821\" src=\"http:\/\/otteveny2.plebania.hu\/wp-content\/uploads\/2021\/10\/Bertalan08.jpg\" alt=\"\" class=\"wp-image-4023\"\/><\/figure><\/div>\n\n\n\n<p class=\"has-text-align-right\"><em>(<a rel=\"noreferrer noopener\" href=\"https:\/\/imaginoso.de\/italien\/mailand\/mailaender-dom-statue-gehaeuteten-heiligen-bartholomaeus\" target=\"_blank\">https:\/\/imaginoso.de\/italien\/mailand\/mailaender-dom-statue-gehaeuteten-heiligen-bartholomaeus<\/a>)<\/em><\/p>\n\n\n\n<p>Szent Bertalan apostol szobra a later\u00e1ni Keresztel\u0151 Szent J\u00e1nos bazilik\u00e1ban.<\/p>\n\n\n\n<div class=\"wp-block-image\"><figure class=\"aligncenter size-full\"><img loading=\"lazy\" width=\"251\" height=\"380\" src=\"http:\/\/otteveny2.plebania.hu\/wp-content\/uploads\/2021\/10\/Bertalan09.jpg\" alt=\"\" class=\"wp-image-4024\"\/><\/figure><\/div>\n\n\n\n<p class=\"has-text-align-right\"><em>(<a rel=\"noreferrer noopener\" href=\"https:\/\/www.magyarkurir.hu\/hirek\/szent-bertalan-apostol2\" target=\"_blank\">https:\/\/www.magyarkurir.hu\/hirek\/szent-bertalan-apostol2<\/a>)<\/em><\/p>\n\n\n\n<p>M\u00e9g eml\u00edt\u00e9st \u00e9rdemel Apostag telep\u00fcl\u00e9s, amely nev\u00e9t az apostol sz\u00f3b\u00f3l sz\u00e1rmaztatja. Ebben a faluban fel\u00e1ll\u00edtottak egy apostol szoborparkot, ahol a templomunk v\u00e9d\u0151szentj\u00e9nek, Szent Bertalannak a szobra is ott van.<\/p>\n\n\n\n<div class=\"wp-block-image\"><figure class=\"aligncenter size-full is-resized\"><img loading=\"lazy\" src=\"http:\/\/otteveny2.plebania.hu\/wp-content\/uploads\/2021\/10\/Bertalan10.jpg\" alt=\"\" class=\"wp-image-4025\" width=\"325\" height=\"1187\"\/><\/figure><\/div>\n\n\n\n<p class=\"has-text-align-right\"><em>(<a href=\"https:\/\/apostag.hu\/apostoli-szoborpark\/\" target=\"_blank\" rel=\"noreferrer noopener\">https:\/\/apostag.hu\/apostoli-szoborpark\/<\/a>)<\/em><\/p>\n\n\n\n<p>Hosszan lehetne m\u00e9g gy\u0171jteni a legend\u00e1kat \u00e9s a m\u0171v\u00e9szi alkot\u00e1sokat. De t\u00f6bbet, fontosabbat nem adn\u00e1nak, mint amit a Bibli\u00e1b\u00f3l tudunk meg templomunk v\u00e9d\u0151szentj\u00e9r\u0151l: Szent Bertalan az igaz ember, \u00e1lnoks\u00e1g \u00e9s k\u00e9tsz\u00edn\u0171s\u00e9g n\u00e9lk\u00fcl val\u00f3 \u00e9s h\u0171s\u00e9ges Krisztus-k\u00f6vet\u0151.<\/p>\n","protected":false},"excerpt":{"rendered":"<p>Szent Bertalan a tizenk\u00e9t apostol egyike. Keveset, de \u00e9ppen eleget tudunk r\u00f3la ahhoz, hogy meg\u00e9rts\u00fck, mi\u00e9rt volt mindig is olyan kedvelt \u00e9s szeretett szentje az Egyh\u00e1znak. Hiszen az, hogy templomtitulusok, csal\u00e1dnevek \u0151rzik a nev\u00e9t, \u00e9s hogy az eg\u00e9sz k\u00f6z\u00e9pkoron \u00e1t, majd pedig id\u0151nk\u00e9nt k\u00e9s\u0151bb is nagyon gyakori volt a Bertalan a keresztn\u00e9vad\u00e1sban, tov\u00e1bb\u00e1 hogy sok &hellip; <\/p>\n<p><a class=\"more-link btn\" href=\"https:\/\/otteveny.plebania.hu\/index.php\/szent-bertalan-templomunk-es-falunk-vedoszentje\/\">Olvass tov\u00e1bb<\/a><\/p>\n","protected":false},"author":1,"featured_media":0,"parent":0,"menu_order":0,"comment_status":"closed","ping_status":"closed","template":"","meta":[],"_links":{"self":[{"href":"https:\/\/otteveny.plebania.hu\/index.php\/wp-json\/wp\/v2\/pages\/4014"}],"collection":[{"href":"https:\/\/otteveny.plebania.hu\/index.php\/wp-json\/wp\/v2\/pages"}],"about":[{"href":"https:\/\/otteveny.plebania.hu\/index.php\/wp-json\/wp\/v2\/types\/page"}],"author":[{"embeddable":true,"href":"https:\/\/otteveny.plebania.hu\/index.php\/wp-json\/wp\/v2\/users\/1"}],"replies":[{"embeddable":true,"href":"https:\/\/otteveny.plebania.hu\/index.php\/wp-json\/wp\/v2\/comments?post=4014"}],"version-history":[{"count":5,"href":"https:\/\/otteveny.plebania.hu\/index.php\/wp-json\/wp\/v2\/pages\/4014\/revisions"}],"predecessor-version":[{"id":4031,"href":"https:\/\/otteveny.plebania.hu\/index.php\/wp-json\/wp\/v2\/pages\/4014\/revisions\/4031"}],"wp:attachment":[{"href":"https:\/\/otteveny.plebania.hu\/index.php\/wp-json\/wp\/v2\/media?parent=4014"}],"curies":[{"name":"wp","href":"https:\/\/api.w.org\/{rel}","templated":true}]}}