{"id":4337,"date":"2022-01-06T07:36:33","date_gmt":"2022-01-06T07:36:33","guid":{"rendered":"http:\/\/otteveny2.plebania.hu\/?page_id=4337"},"modified":"2022-01-06T07:45:20","modified_gmt":"2022-01-06T07:45:20","slug":"beszamolo-2021","status":"publish","type":"page","link":"https:\/\/otteveny.plebania.hu\/index.php\/karitasz\/beszamolo-2021\/","title":{"rendered":"Besz\u00e1mol\u00f3 a 2021. \u00e9vr\u0151l"},"content":{"rendered":"\n<ul><li>2021. m\u00e1rcius 23-\u00e1n ( h\u00fasv\u00e9t) 420 kg tart\u00f3s \u00e9lelmiszert gy\u0171jt\u00f6tt\u00fcnk \u00e9s osztottunk ki 5 telep\u00fcl\u00e9sen 40 csal\u00e1dnak: 8 csal\u00e1d Abda, 8 csal\u00e1d Ikr\u00e9ny, 13 csal\u00e1d \u00d6ttev\u00e9ny, 6 csal\u00e1d B\u00f6rcs, 5 csal\u00e1d Kunsziget. (\u00f6t egyh\u00e1zk\u00f6zs\u00e9g h\u00fasv\u00e9ti gy\u0171jt\u00e9se).<\/li><\/ul>\n\n\n\n<ul><li>2021. \u00e1prilis 28-\u00e1n 300 kg alm\u00e1t osztottunk ki 4 telep\u00fcl\u00e9sen 23 csal\u00e1dnak. 6 csal\u00e1d Abda, 5 csal\u00e1d Ikr\u00e9ny, 10 csal\u00e1d \u00d6ttev\u00e9ny, 2 csal\u00e1d B\u00f6rcs. (Egyh\u00e1zmegyei Karit\u00e1sz Adom\u00e1nyak\u00e9nt)<\/li><\/ul>\n\n\n\n<ul><li>2021. szeptember h\u00f3 folyam\u00e1n 5db 5000 Ft \u00e9rt\u00e9k\u0171 TESCO aj\u00e1nd\u00e9kutalv\u00e1nyt 4 \u00f6ttev\u00e9nyi csal\u00e1d kapott iskolakezd\u00e9si t\u00e1mogat\u00e1sk\u00e9nt, 3 csal\u00e1d 5000 Ft-os, m\u00edg egy csal\u00e1d 10000 Ft-os utalv\u00e1nyt (Egyh\u00e1zmegyei Karit\u00e1sz Adom\u00e1nyak\u00e9nt)<\/li><\/ul>\n\n\n\n<ul><li>2021. december 16-\u00e1n (kar\u00e1csony) 400 kg tart\u00f3s \u00e9lelmiszer csomag ker\u00fclt kioszt\u00e1sra \u00f6t telep\u00fcl\u00e9sen 35 csal\u00e1dnak : 7 abdai, 5 ikr\u00e9nyi, 13 \u00f6ttev\u00e9nyi, 7 b\u00f6rcsi, 3 kunszigeti csal\u00e1dnak. (\u00f6t egyh\u00e1zk\u00f6zs\u00e9g \u00e9v v\u00e9gi gy\u0171jt\u00e9se)<\/li><\/ul>\n\n\n\n<ul><li>2021. december 16-\u00e1n egy abdai seg\u00edt\u0151t\u0151l kaptunk 120 kg alm\u00e1t (30 zacsk\u00f3) melyet 30 csal\u00e1dhoz juttatunk el a kar\u00e1csonyi \u00e9lelmiszercsomaggal egy\u00fctt.<\/li><\/ul>\n\n\n\n<p>Az eg\u00e9sz 2021-es \u00e9v folyam\u00e1n 102 helysz\u00ednre (csal\u00e1dhoz) juttattunk el tart\u00f3s \u00e9lelmiszercsomagot, alm\u00e1t \u00e9s 4 csal\u00e1d kapott iskolakezd\u00e9si t\u00e1mogat\u00e1st.<\/p>\n\n\n\n<p>K\u00f6sz\u00f6nj\u00fck a nagylelk\u0171 adakoz\u00e1st, seg\u00edts\u00e9get!<\/p>\n\n\n\n<p><em>\u00d6ttev\u00e9ny, 2022. janu\u00e1r 03. <\/em><\/p>\n\n\n\n<p class=\"has-text-align-right\">Kir\u00e1ly P\u00e9ter<\/p>\n","protected":false},"excerpt":{"rendered":"<li>2021. m\u00e1rcius 23-\u00e1n ( h\u00fasv\u00e9t) 420 kg tart\u00f3s \u00e9lelmiszert gy\u0171jt\u00f6tt\u00fcnk \u00e9s osztottunk ki 5 telep\u00fcl\u00e9sen 40 csal\u00e1dnak: 8 csal\u00e1d Abda, 8 csal\u00e1d Ikr\u00e9ny, 13 csal\u00e1d \u00d6ttev\u00e9ny, 6 csal\u00e1d B\u00f6rcs, 5 csal\u00e1d Kunsziget. (\u00f6t egyh\u00e1zk\u00f6zs\u00e9g h\u00fasv\u00e9ti gy\u0171jt\u00e9se).<\/li>\n<li>2021. \u00e1prilis 28-\u00e1n 300 kg alm\u00e1t osztottunk ki 4 telep\u00fcl\u00e9sen 23 csal\u00e1dnak. 6 csal\u00e1d Abda, 5 csal\u00e1d Ikr\u00e9ny, 10 &hellip;\n<p><a class=\"more-link btn\" href=\"https:\/\/otteveny.plebania.hu\/index.php\/karitasz\/beszamolo-2021\/\">Olvass tov\u00e1bb<\/a><\/p>\n<\/li>\n","protected":false},"author":1,"featured_media":0,"parent":1123,"menu_order":9,"comment_status":"closed","ping_status":"closed","template":"","meta":[],"_links":{"self":[{"href":"https:\/\/otteveny.plebania.hu\/index.php\/wp-json\/wp\/v2\/pages\/4337"}],"collection":[{"href":"https:\/\/otteveny.plebania.hu\/index.php\/wp-json\/wp\/v2\/pages"}],"about":[{"href":"https:\/\/otteveny.plebania.hu\/index.php\/wp-json\/wp\/v2\/types\/page"}],"author":[{"embeddable":true,"href":"https:\/\/otteveny.plebania.hu\/index.php\/wp-json\/wp\/v2\/users\/1"}],"replies":[{"embeddable":true,"href":"https:\/\/otteveny.plebania.hu\/index.php\/wp-json\/wp\/v2\/comments?post=4337"}],"version-history":[{"count":4,"href":"https:\/\/otteveny.plebania.hu\/index.php\/wp-json\/wp\/v2\/pages\/4337\/revisions"}],"predecessor-version":[{"id":4346,"href":"https:\/\/otteveny.plebania.hu\/index.php\/wp-json\/wp\/v2\/pages\/4337\/revisions\/4346"}],"up":[{"embeddable":true,"href":"https:\/\/otteveny.plebania.hu\/index.php\/wp-json\/wp\/v2\/pages\/1123"}],"wp:attachment":[{"href":"https:\/\/otteveny.plebania.hu\/index.php\/wp-json\/wp\/v2\/media?parent=4337"}],"curies":[{"name":"wp","href":"https:\/\/api.w.org\/{rel}","templated":true}]}}