{"id":5885,"date":"2024-01-02T19:50:26","date_gmt":"2024-01-02T19:50:26","guid":{"rendered":"https:\/\/otteveny2.plebania.hu\/?page_id=5885"},"modified":"2024-01-02T19:50:26","modified_gmt":"2024-01-02T19:50:26","slug":"beszamolo-a-2023-evrol","status":"publish","type":"page","link":"https:\/\/otteveny.plebania.hu\/index.php\/karitasz\/beszamolo-a-2023-evrol\/","title":{"rendered":"Besz\u00e1mol\u00f3 a 2023. \u00e9vr\u0151l"},"content":{"rendered":"\n<ul><li>2023. m\u00e1rcius 16-\u00e1n kaptunk az Egyh\u00e1zmegyei Karit\u00e1szt\u00f3l 120 doboz z\u00f6ldbors\u00f3, \u00e9s 120 doboz m\u00e1jkr\u00e9m konzervet, ezekb\u0151l 4-4 db-ot 30 db h\u00fasv\u00e9ti csomagokban kiosztottunk.<\/li><li>2023. \u00e1prilis 4-\u00e9n (h\u00fasv\u00e9t) 300 kg tart\u00f3s \u00e9lelmiszert gy\u0171jt\u00f6tt\u00fcnk \u00e9s osztottunk ki 5 telep\u00fcl\u00e9sen 30 csal\u00e1dnak: 7 csal\u00e1d Abda, 8 csal\u00e1d Ikr\u00e9ny, 9 csal\u00e1d \u00d6ttev\u00e9ny, 4 csal\u00e1d B\u00f6rcs, 4 csal\u00e1d Kunsziget. (\u00f6t egyh\u00e1zk\u00f6zs\u00e9g h\u00fasv\u00e9ti gy\u0171jt\u00e9se).<\/li><li>2023. \u00e1prilis 7-\u00e9n k\u00e9t \u00f6ttev\u00e9nyi csal\u00e1d kapott 3-as \u00e9s 5-\u00f6s m\u00e9retben f\u00e9l \u00e9vre elegend\u0151 pelenkacsomagot az Egyh\u00e1zmegyei Karit\u00e1szt\u00f3l.<\/li><li>2023 j\u00fanius\u00e1ban gy\u0171jt\u00e9st szervezt\u00fcnk egy \u00f6ttev\u00e9nyi kisgyermek gy\u00f3gyul\u00e1s\u00e1\u00e9rt, \u00edgy 200.000 Ft \u00e1tad\u00e1s\u00e1val seg\u00edtett\u00fck a csal\u00e1dot<\/li><li>2023 szeptember\u00e9ben iskolakezd\u00e9si t\u00e1mogat\u00e1st, v\u00e1s\u00e1rl\u00e1si utalv\u00e1nyt adtunk egy menek\u00fclt \u00f6ttev\u00e9nyi csal\u00e1dnak az Egyh\u00e1zmegyei Karit\u00e1sz adom\u00e1nyak\u00e9nt.<\/li><li>2023. december 23-\u00e1n (kar\u00e1csony) 36 csal\u00e1d kapott \u00e9lelmiszeradom\u00e1nyt (350 kg) \u00f6t telep\u00fcl\u00e9sen, Abda 9, Ikr\u00e9ny 8, \u00d6ttev\u00e9ny 14, B\u00f6rcs 3, Kunsziget 2 csal\u00e1d (\u00f6t egyh\u00e1zk\u00f6zs\u00e9g gy\u0171jt\u00e9se).<\/li><li>2023. december 23-\u00e1n 4 telep\u00fcl\u00e9s 10 csal\u00e1dja kapott Tesco \u00e9lelmiszerutalv\u00e1nyt 80.000 Ft \u00e9rt\u00e9kben<\/li><li>2023. december 23-\u00e1n 50.000 Ft k\u00e9szp\u00e9nzadom\u00e1nyt osztottunk ki k\u00e9t telep\u00fcl\u00e9s 5 csal\u00e1dj\u00e1nak.<\/li><li>2023. december 29-\u00e9n 20.000 Ft-ot adom\u00e1nyoztunk egy mosonszentmikl\u00f3si kisgyermek gy\u00f3gykezel\u00e9s\u00e9re.<\/li><li>Az eg\u00e9sz \u00e9v folyam\u00e1n egy volt \u00f6ttev\u00e9nyi lakost k\u00e9thetente megl\u00e1togatok egy gy\u0151r\u00fajbar\u00e1ti id\u0151sek otthon\u00e1ban (bev\u00e1s\u00e1rl\u00e1s, \u00fcgyint\u00e9z\u00e9s, gy\u00f3gyszer).<\/li><\/ul>\n\n\n\n<p><em>\u00d6ttev\u00e9ny, 2023. december 29. <\/em><\/p>\n\n\n\n<p class=\"has-text-align-right\">Kir\u00e1ly P\u00e9ter karit\u00e1sz vez.<\/p>\n","protected":false},"excerpt":{"rendered":"<li>2023. m\u00e1rcius 16-\u00e1n kaptunk az Egyh\u00e1zmegyei Karit\u00e1szt\u00f3l 120 doboz z\u00f6ldbors\u00f3, \u00e9s 120 doboz m\u00e1jkr\u00e9m konzervet, ezekb\u0151l 4-4 db-ot 30 db h\u00fasv\u00e9ti csomagokban kiosztottunk.<\/li>\n<li>2023. \u00e1prilis 4-\u00e9n (h\u00fasv\u00e9t) 300 kg tart\u00f3s \u00e9lelmiszert gy\u0171jt\u00f6tt\u00fcnk \u00e9s osztottunk ki 5 telep\u00fcl\u00e9sen 30 csal\u00e1dnak: 7 csal\u00e1d Abda, 8 csal\u00e1d Ikr\u00e9ny, 9 csal\u00e1d \u00d6ttev\u00e9ny, 4 csal\u00e1d B\u00f6rcs, 4 csal\u00e1d Kunsziget. (\u00f6t egyh\u00e1zk\u00f6zs\u00e9g &hellip;\n<p><a class=\"more-link btn\" href=\"https:\/\/otteveny.plebania.hu\/index.php\/karitasz\/beszamolo-a-2023-evrol\/\">Olvass tov\u00e1bb<\/a><\/p>\n<\/li>\n","protected":false},"author":1,"featured_media":0,"parent":1123,"menu_order":11,"comment_status":"closed","ping_status":"closed","template":"","meta":[],"_links":{"self":[{"href":"https:\/\/otteveny.plebania.hu\/index.php\/wp-json\/wp\/v2\/pages\/5885"}],"collection":[{"href":"https:\/\/otteveny.plebania.hu\/index.php\/wp-json\/wp\/v2\/pages"}],"about":[{"href":"https:\/\/otteveny.plebania.hu\/index.php\/wp-json\/wp\/v2\/types\/page"}],"author":[{"embeddable":true,"href":"https:\/\/otteveny.plebania.hu\/index.php\/wp-json\/wp\/v2\/users\/1"}],"replies":[{"embeddable":true,"href":"https:\/\/otteveny.plebania.hu\/index.php\/wp-json\/wp\/v2\/comments?post=5885"}],"version-history":[{"count":1,"href":"https:\/\/otteveny.plebania.hu\/index.php\/wp-json\/wp\/v2\/pages\/5885\/revisions"}],"predecessor-version":[{"id":5886,"href":"https:\/\/otteveny.plebania.hu\/index.php\/wp-json\/wp\/v2\/pages\/5885\/revisions\/5886"}],"up":[{"embeddable":true,"href":"https:\/\/otteveny.plebania.hu\/index.php\/wp-json\/wp\/v2\/pages\/1123"}],"wp:attachment":[{"href":"https:\/\/otteveny.plebania.hu\/index.php\/wp-json\/wp\/v2\/media?parent=5885"}],"curies":[{"name":"wp","href":"https:\/\/api.w.org\/{rel}","templated":true}]}}