{"id":761,"date":"2018-07-22T05:06:18","date_gmt":"2018-07-22T05:06:18","guid":{"rendered":"http:\/\/otteveny2.plebania.hu\/?page_id=761"},"modified":"2023-07-11T04:41:43","modified_gmt":"2023-07-11T04:41:43","slug":"vasarnapra-ervenyes-szentmisek-rendje","status":"publish","type":"page","link":"https:\/\/otteveny.plebania.hu\/index.php\/hirdetesek\/vasarnapra-ervenyes-szentmisek-rendje\/","title":{"rendered":"Vas\u00e1rnapra \u00e9rv\u00e9nyes szentmis\u00e9k rendje"},"content":{"rendered":"\n<!--more-->\n\n\n<p><\/p>\n<table>\n<tbody>\n<tr>\n<td><strong>B\u00d6RCS<\/strong><\/td>\n<td><strong>SZOMBAT<\/strong><\/td>\n<td style=\"text-align: right;\"><strong>16.30 \u00f3ra<\/strong><\/td>\n<\/tr>\n<tr>\n<td><strong>KUNSZIGET<\/strong><\/td>\n<td><strong>SZOMBAT<\/strong><\/td>\n<td style=\"text-align: right;\"><strong>18.00 \u00f3ra<\/strong><\/td>\n<\/tr>\n<tr>\n<td><strong>IKR\u00c9NY<\/strong><\/td>\n<td><strong>VAS\u00c1RNAP<\/strong><\/td>\n<td style=\"text-align: right;\"><strong>8.00 \u00f3ra<\/strong><\/td>\n<\/tr>\n<tr>\n<td><strong>ABDA<\/strong><\/td>\n<td><strong>VAS\u00c1RNAP<\/strong><\/td>\n<td style=\"text-align: right;\"><strong>9.30 \u00f3ra<\/strong><\/td>\n<\/tr>\n<tr>\n<td><strong>\u00d6TTEV\u00c9NY<\/strong><\/td>\n<td><strong>VAS\u00c1RNAP<\/strong><\/td>\n<td style=\"text-align: right;\"><strong>11.00 \u00f3ra<\/strong><\/td>\n<\/tr>\n<\/tbody>\n<\/table>\n<p>A szentmis\u00e9k rendje az egyes \u00fcnnepek alkalm\u00e1val m\u00f3dosulhat, melyet a templomi hirdet\u00e9s el\u0151re jelez.<\/p>\n<p>Az aktu\u00e1lis h\u00e9tre vonatkoz\u00f3 hirdet\u00e9sek megtal\u00e1lhat\u00f3k a Facebook oldalunkon:&nbsp;<br><a href=\"https:\/\/www.facebook.com\/otteveny.plebania\/\">\u00d6ttev\u00e9nyi R\u00f3mai Katolikus Pl\u00e9b\u00e1nia | \u00d6ttev\u00e9ny | Facebook<\/a><\/p>\n\n\n<p><\/p>\n","protected":false},"excerpt":{"rendered":"","protected":false},"author":1,"featured_media":0,"parent":6,"menu_order":0,"comment_status":"closed","ping_status":"closed","template":"","meta":[],"_links":{"self":[{"href":"https:\/\/otteveny.plebania.hu\/index.php\/wp-json\/wp\/v2\/pages\/761"}],"collection":[{"href":"https:\/\/otteveny.plebania.hu\/index.php\/wp-json\/wp\/v2\/pages"}],"about":[{"href":"https:\/\/otteveny.plebania.hu\/index.php\/wp-json\/wp\/v2\/types\/page"}],"author":[{"embeddable":true,"href":"https:\/\/otteveny.plebania.hu\/index.php\/wp-json\/wp\/v2\/users\/1"}],"replies":[{"embeddable":true,"href":"https:\/\/otteveny.plebania.hu\/index.php\/wp-json\/wp\/v2\/comments?post=761"}],"version-history":[{"count":9,"href":"https:\/\/otteveny.plebania.hu\/index.php\/wp-json\/wp\/v2\/pages\/761\/revisions"}],"predecessor-version":[{"id":5763,"href":"https:\/\/otteveny.plebania.hu\/index.php\/wp-json\/wp\/v2\/pages\/761\/revisions\/5763"}],"up":[{"embeddable":true,"href":"https:\/\/otteveny.plebania.hu\/index.php\/wp-json\/wp\/v2\/pages\/6"}],"wp:attachment":[{"href":"https:\/\/otteveny.plebania.hu\/index.php\/wp-json\/wp\/v2\/media?parent=761"}],"curies":[{"name":"wp","href":"https:\/\/api.w.org\/{rel}","templated":true}]}}